{"id":225,"date":"2025-08-04T11:24:06","date_gmt":"2025-08-04T09:24:06","guid":{"rendered":"https:\/\/www.duamar.es\/?page_id=225"},"modified":"2026-04-07T11:23:50","modified_gmt":"2026-04-07T09:23:50","slug":"rail-service","status":"publish","type":"page","link":"https:\/\/duamar.es\/en\/rail-service\/","title":{"rendered":"Rail service"},"content":{"rendered":"<div data-elementor-type=\"wp-page\" data-elementor-id=\"225\" class=\"elementor elementor-225\" data-elementor-post-type=\"page\">\n\t\t\t\t<div class=\"elementor-element elementor-element-148abda4 e-flex e-con-boxed e-con e-parent\" data-id=\"148abda4\" data-element_type=\"container\" data-e-type=\"container\" data-settings=\"{&quot;background_background&quot;:&quot;classic&quot;}\">\n\t\t\t\t\t<div class=\"e-con-inner\">\n\t\t<div class=\"elementor-element elementor-element-4cba0f8c e-con-full e-flex e-con e-child\" data-id=\"4cba0f8c\" data-element_type=\"container\" data-e-type=\"container\">\n\t\t\t\t<div class=\"elementor-element elementor-element-6dba8b5 elementor-icon-list--layout-inline elementor-align-start animated-fast elementor-list-item-link-full_width elementor-invisible elementor-widget elementor-widget-icon-list\" data-id=\"6dba8b5\" data-element_type=\"widget\" data-e-type=\"widget\" data-settings=\"{&quot;_animation&quot;:&quot;slideInUp&quot;,&quot;_animation_delay&quot;:100}\" data-widget_type=\"icon-list.default\">\n\t\t\t\t\t\t\t<ul class=\"elementor-icon-list-items elementor-inline-items\">\n\t\t\t\t\t\t\t<li class=\"elementor-icon-list-item elementor-inline-item\">\n\t\t\t\t\t\t\t\t\t\t\t<a href=\"https:\/\/duamar.es\/en\">\n\n\t\t\t\t\t\t\t\t\t\t\t<span class=\"elementor-icon-list-text\">Home<\/span>\n\t\t\t\t\t\t\t\t\t\t\t<\/a>\n\t\t\t\t\t\t\t\t\t<\/li>\n\t\t\t\t\t\t\t\t<li class=\"elementor-icon-list-item elementor-inline-item\">\n\t\t\t\t\t\t\t\t\t\t\t<a href=\"https:\/\/duamar.es\/en\/services\/\">\n\n\t\t\t\t\t\t\t\t\t\t\t<span class=\"elementor-icon-list-text\">Services<\/span>\n\t\t\t\t\t\t\t\t\t\t\t<\/a>\n\t\t\t\t\t\t\t\t\t<\/li>\n\t\t\t\t\t\t\t\t<li class=\"elementor-icon-list-item elementor-inline-item\">\n\t\t\t\t\t\t\t\t\t\t<span class=\"elementor-icon-list-text\"><\/span>\n\t\t\t\t\t\t\t\t\t<\/li>\n\t\t\t\t\t\t<\/ul>\n\t\t\t\t\t\t<\/div>\n\t\t\t\t<div class=\"elementor-element elementor-element-fb1ad09 elementor-widget__width-initial elementor-widget elementor-widget-text-editor\" data-id=\"fb1ad09\" data-element_type=\"widget\" data-e-type=\"widget\" data-widget_type=\"text-editor.default\">\n\t\t\t\t\t\t\t\t\t<p>National &amp; International railway connections<\/p>\t\t\t\t\t\t\t\t<\/div>\n\t\t\t\t<\/div>\n\t\t\t\t\t<\/div>\n\t\t\t\t<\/div>\n\t\t<div class=\"elementor-element elementor-element-696e3e82 e-flex e-con-boxed e-con e-parent\" data-id=\"696e3e82\" data-element_type=\"container\" data-e-type=\"container\" data-settings=\"{&quot;background_background&quot;:&quot;gradient&quot;}\">\n\t\t\t\t\t<div class=\"e-con-inner\">\n\t\t<div class=\"elementor-element elementor-element-f4d17f6 e-con-full e-flex e-con e-child\" data-id=\"f4d17f6\" data-element_type=\"container\" data-e-type=\"container\">\n\t\t<div class=\"elementor-element elementor-element-5798c4cb e-con-full e-flex e-con e-child\" data-id=\"5798c4cb\" data-element_type=\"container\" data-e-type=\"container\">\n\t\t<div class=\"elementor-element elementor-element-12638563 e-con-full e-flex e-con e-child\" data-id=\"12638563\" data-element_type=\"container\" data-e-type=\"container\">\n\t\t\t\t<div class=\"elementor-element elementor-element-7bfb0df elementor-widget__width-initial elementor-widget-divider--view-line elementor-widget elementor-widget-divider\" data-id=\"7bfb0df\" data-element_type=\"widget\" data-e-type=\"widget\" data-widget_type=\"divider.default\">\n\t\t\t\t\t\t\t<div class=\"elementor-divider\">\n\t\t\t<span class=\"elementor-divider-separator\">\n\t\t\t\t\t\t<\/span>\n\t\t<\/div>\n\t\t\t\t\t\t<\/div>\n\t\t\t\t<div class=\"elementor-element elementor-element-4ed02b1c elementor-widget elementor-widget-heading\" data-id=\"4ed02b1c\" data-element_type=\"widget\" data-e-type=\"widget\" data-widget_type=\"heading.default\">\n\t\t\t\t\t<h2 class=\"elementor-heading-title elementor-size-default\">Overview<\/h2>\t\t\t\t<\/div>\n\t\t\t\t<div class=\"elementor-element elementor-element-28349ed7 elementor-widget elementor-widget-menu-anchor\" data-id=\"28349ed7\" data-element_type=\"widget\" data-e-type=\"widget\" data-widget_type=\"menu-anchor.default\">\n\t\t\t\t\t\t\t<div class=\"elementor-menu-anchor\" id=\"Descripcingeneral\"><\/div>\n\t\t\t\t\t\t<\/div>\n\t\t\t\t<\/div>\n\t\t\t\t<div class=\"elementor-element elementor-element-41a2308 elementor-widget elementor-widget-text-editor\" data-id=\"41a2308\" data-element_type=\"widget\" data-e-type=\"widget\" data-widget_type=\"text-editor.default\">\n\t\t\t\t\t\t\t\t\t<div class=\"et_pb_text et_pb_module et_pb_bg_layout_light et_pb_text_align_left et_pb_text_1\"><p>International transport service with greater capacity for your goods and for long distance. Also to optimize resources and costs in port transport services using a combined by the peninsular network for their pickups or deliveries.\u00a0<\/p><\/div>\t\t\t\t\t\t\t\t<\/div>\n\t\t\t\t<div class=\"elementor-element elementor-element-a2f2eb3 elementor-align-left elementor-widget__width-inherit elementor-widget elementor-widget-button\" data-id=\"a2f2eb3\" data-element_type=\"widget\" data-e-type=\"widget\" data-widget_type=\"button.default\">\n\t\t\t\t\t\t\t\t\t\t<a class=\"elementor-button elementor-button-link elementor-size-sm\" href=\"\/en\/request-quote\/\">\n\t\t\t\t\t\t<span class=\"elementor-button-content-wrapper\">\n\t\t\t\t\t\t\t\t\t<span class=\"elementor-button-text\">REQUEST A BUDGET<\/span>\n\t\t\t\t\t<\/span>\n\t\t\t\t\t<\/a>\n\t\t\t\t\t\t\t\t<\/div>\n\t\t<div class=\"elementor-element elementor-element-19b3666f e-con-full e-flex e-con e-child\" data-id=\"19b3666f\" data-element_type=\"container\" data-e-type=\"container\">\n\t\t\t\t<div class=\"elementor-element elementor-element-750b6c86 elementor-widget elementor-widget-menu-anchor\" data-id=\"750b6c86\" data-element_type=\"widget\" data-e-type=\"widget\" data-widget_type=\"menu-anchor.default\">\n\t\t\t\t\t\t\t<div class=\"elementor-menu-anchor\" id=\"difference\"><\/div>\n\t\t\t\t\t\t<\/div>\n\t\t\t\t<\/div>\n\t\t\t\t<\/div>\n\t\t\t\t<\/div>\n\t\t\t\t\t<\/div>\n\t\t\t\t<\/div>\n\t\t<div class=\"elementor-element elementor-element-57c3db6a elementor-hidden-desktop elementor-hidden-tablet elementor-hidden-mobile e-flex e-con-boxed e-con e-parent\" data-id=\"57c3db6a\" data-element_type=\"container\" data-e-type=\"container\" data-settings=\"{&quot;background_background&quot;:&quot;gradient&quot;}\">\n\t\t\t\t\t<div class=\"e-con-inner\">\n\t\t<div class=\"elementor-element elementor-element-39c2a9d7 e-con-full e-flex e-con e-child\" data-id=\"39c2a9d7\" data-element_type=\"container\" data-e-type=\"container\">\n\t\t\t\t<div class=\"elementor-element elementor-element-75b9c19b elementor-widget__width-initial elementor-widget-divider--view-line elementor-widget elementor-widget-divider\" data-id=\"75b9c19b\" data-element_type=\"widget\" data-e-type=\"widget\" data-widget_type=\"divider.default\">\n\t\t\t\t\t\t\t<div class=\"elementor-divider\">\n\t\t\t<span class=\"elementor-divider-separator\">\n\t\t\t\t\t\t<\/span>\n\t\t<\/div>\n\t\t\t\t\t\t<\/div>\n\t\t\t\t<div class=\"elementor-element elementor-element-c93a5a elementor-widget elementor-widget-heading\" data-id=\"c93a5a\" data-element_type=\"widget\" data-e-type=\"widget\" data-widget_type=\"heading.default\">\n\t\t\t\t\t<h2 class=\"elementor-heading-title elementor-size-default\">Frequently Asked Questions<\/h2>\t\t\t\t<\/div>\n\t\t\t\t<div class=\"elementor-element elementor-element-3abe1425 elementor-widget elementor-widget-menu-anchor\" data-id=\"3abe1425\" data-element_type=\"widget\" data-e-type=\"widget\" data-widget_type=\"menu-anchor.default\">\n\t\t\t\t\t\t\t<div class=\"elementor-menu-anchor\" id=\"faq\"><\/div>\n\t\t\t\t\t\t<\/div>\n\t\t\t\t<\/div>\n\t\t<div class=\"elementor-element elementor-element-4d06100e e-con-full e-flex e-con e-child\" data-id=\"4d06100e\" data-element_type=\"container\" data-e-type=\"container\">\n\t\t\t\t<div class=\"elementor-element elementor-element-131dbab8 elementor-widget__width-initial elementor-widget elementor-widget-jkit_accordion\" data-id=\"131dbab8\" data-element_type=\"widget\" data-e-type=\"widget\" data-widget_type=\"jkit_accordion.default\">\n\t\t\t\t\t<div  class=\"jeg-elementor-kit jkit-accordion style-curve jeg_module___69f22cca92e05\" ><div class=\"card-wrapper\">\n                <div class=\"card-header\">\n                    <a href=\"#expand-faa513c\" class=\"card-header-button\" aria-expanded=\"false\" data-target=\"#expand-faa513c\" aria-controls=\"expand-faa513c\">\n                        <span class=\"title\">What types of cargo can be transported via ocean freight?<\/span><div class=\"right-icon-group\">\n                <div class=\"normal-icon\"><i aria-hidden=\"true\" class=\"jki jki-plus-light\"><\/i><\/div>\n                <div class=\"active-icon\"><i aria-hidden=\"true\" class=\"jki jki-minus-light\"><\/i><\/div>\n            <\/div>\n                    <\/a>\n                <\/div>\n                <div class=\"card-expand\" id=\"expand-faa513c\" style=\"display:none\"><div class=\"card-body\"><p>Lorem ipsum dolor sit amet, consectetuer adipiscing elit. Aenean commodo ligula eget dolor. Aenean massa. Cum sociis natoque penatibus et magnis dis parturient montes, nascetur.<\/p><\/div><\/div>\n            <\/div><div class=\"card-wrapper\">\n                <div class=\"card-header\">\n                    <a href=\"#expand-dd39d56\" class=\"card-header-button\" aria-expanded=\"false\" data-target=\"#expand-dd39d56\" aria-controls=\"expand-dd39d56\">\n                        <span class=\"title\">How can I track my ocean freight shipment?<\/span><div class=\"right-icon-group\">\n                <div class=\"normal-icon\"><i aria-hidden=\"true\" class=\"jki jki-plus-light\"><\/i><\/div>\n                <div class=\"active-icon\"><i aria-hidden=\"true\" class=\"jki jki-minus-light\"><\/i><\/div>\n            <\/div>\n                    <\/a>\n                <\/div>\n                <div class=\"card-expand\" id=\"expand-dd39d56\" style=\"display:none\"><div class=\"card-body\"><p>Lorem ipsum dolor sit amet, consectetuer adipiscing elit. Aenean commodo ligula eget dolor. Aenean massa. Cum sociis natoque penatibus et magnis dis parturient montes, nascetur.<\/p><\/div><\/div>\n            <\/div><div class=\"card-wrapper\">\n                <div class=\"card-header\">\n                    <a href=\"#expand-5f47465\" class=\"card-header-button\" aria-expanded=\"false\" data-target=\"#expand-5f47465\" aria-controls=\"expand-5f47465\">\n                        <span class=\"title\">What types of containers are available for ocean freight shipments?<\/span><div class=\"right-icon-group\">\n                <div class=\"normal-icon\"><i aria-hidden=\"true\" class=\"jki jki-plus-light\"><\/i><\/div>\n                <div class=\"active-icon\"><i aria-hidden=\"true\" class=\"jki jki-minus-light\"><\/i><\/div>\n            <\/div>\n                    <\/a>\n                <\/div>\n                <div class=\"card-expand\" id=\"expand-5f47465\" style=\"display:none\"><div class=\"card-body\"><p>Lorem ipsum dolor sit amet, consectetuer adipiscing elit. Aenean commodo ligula eget dolor. Aenean massa. Cum sociis natoque penatibus et magnis dis parturient montes, nascetur.<\/p><\/div><\/div>\n            <\/div><div class=\"card-wrapper\">\n                <div class=\"card-header\">\n                    <a href=\"#expand-5c370fb\" class=\"card-header-button\" aria-expanded=\"false\" data-target=\"#expand-5c370fb\" aria-controls=\"expand-5c370fb\">\n                        <span class=\"title\">What documentation is required for ocean freight shipments?<\/span><div class=\"right-icon-group\">\n                <div class=\"normal-icon\"><i aria-hidden=\"true\" class=\"jki jki-plus-light\"><\/i><\/div>\n                <div class=\"active-icon\"><i aria-hidden=\"true\" class=\"jki jki-minus-light\"><\/i><\/div>\n            <\/div>\n                    <\/a>\n                <\/div>\n                <div class=\"card-expand\" id=\"expand-5c370fb\" style=\"display:none\"><div class=\"card-body\"><p>Lorem ipsum dolor sit amet, consectetuer adipiscing elit. Aenean commodo ligula eget dolor. Aenean massa. Cum sociis natoque penatibus et magnis dis parturient montes, nascetur.<\/p><\/div><\/div>\n            <\/div><div class=\"card-wrapper\">\n                <div class=\"card-header\">\n                    <a href=\"#expand-54c0e6a\" class=\"card-header-button\" aria-expanded=\"false\" data-target=\"#expand-54c0e6a\" aria-controls=\"expand-54c0e6a\">\n                        <span class=\"title\">How do you handle customs clearance for ocean freight shipments?<\/span><div class=\"right-icon-group\">\n                <div class=\"normal-icon\"><i aria-hidden=\"true\" class=\"jki jki-plus-light\"><\/i><\/div>\n                <div class=\"active-icon\"><i aria-hidden=\"true\" class=\"jki jki-minus-light\"><\/i><\/div>\n            <\/div>\n                    <\/a>\n                <\/div>\n                <div class=\"card-expand\" id=\"expand-54c0e6a\" style=\"display:none\"><div class=\"card-body\"><p>Lorem ipsum dolor sit amet, consectetuer adipiscing elit. Aenean commodo ligula eget dolor. Aenean massa. Cum sociis natoque penatibus et magnis dis parturient montes, nascetur.<\/p><\/div><\/div>\n            <\/div><div class=\"card-wrapper\">\n                <div class=\"card-header\">\n                    <a href=\"#expand-aef42af\" class=\"card-header-button\" aria-expanded=\"false\" data-target=\"#expand-aef42af\" aria-controls=\"expand-aef42af\">\n                        <span class=\"title\">How is the cost of ocean freight determined?<\/span><div class=\"right-icon-group\">\n                <div class=\"normal-icon\"><i aria-hidden=\"true\" class=\"jki jki-plus-light\"><\/i><\/div>\n                <div class=\"active-icon\"><i aria-hidden=\"true\" class=\"jki jki-minus-light\"><\/i><\/div>\n            <\/div>\n                    <\/a>\n                <\/div>\n                <div class=\"card-expand\" id=\"expand-aef42af\" style=\"display:none\"><div class=\"card-body\"><p>Lorem ipsum dolor sit amet, consectetuer adipiscing elit. Aenean commodo ligula eget dolor. Aenean massa. Cum sociis natoque penatibus et magnis dis parturient montes, nascetur.<\/p><\/div><\/div>\n            <\/div><\/div>\t\t\t\t<\/div>\n\t\t\t\t<\/div>\n\t\t\t\t\t<\/div>\n\t\t\t\t<\/div>\n\t\t\t\t<\/div>","protected":false},"excerpt":{"rendered":"<p>inicio Servicios Conexiones ferroviarias nacionales e internacionales Descripci\u00f3n general Servicio de transporte internacional con mayor capacidad para sus mercanc\u00edas y para largas distancias. Tambi\u00e9n para optimizar recursos y costes en los servicios del transporte portuario utilizando un combinado por la red peninsular para sus recogidas o entregas.\u00a0 SOLICITE PRESUPUESTO Frequently Asked Questions What types of [&hellip;]<\/p>","protected":false},"author":1,"featured_media":0,"parent":0,"menu_order":0,"comment_status":"closed","ping_status":"closed","template":"elementor_header_footer","meta":{"footnotes":""},"class_list":["post-225","page","type-page","status-publish","hentry"],"yoast_head":"<!-- This site is optimized with the Yoast SEO plugin v27.5 - https:\/\/yoast.com\/product\/yoast-seo-wordpress\/ -->\n<title>Duamar - Tr\u00e1nsitos y Aduanas<\/title>\n<meta name=\"robots\" content=\"index, follow, max-snippet:-1, max-image-preview:large, max-video-preview:-1\" \/>\n<link rel=\"canonical\" href=\"https:\/\/duamar.es\/en\/rail-service\/\" \/>\n<meta property=\"og:locale\" content=\"en_US\" \/>\n<meta property=\"og:type\" content=\"article\" \/>\n<meta property=\"og:title\" content=\"Duamar - Tr\u00e1nsitos y Aduanas\" \/>\n<meta property=\"og:description\" content=\"inicio Servicios Conexiones ferroviarias nacionales e internacionales Descripci\u00f3n general Servicio de transporte internacional con mayor capacidad para sus mercanc\u00edas y para largas distancias. Tambi\u00e9n para optimizar recursos y costes en los servicios del transporte portuario utilizando un combinado por la red peninsular para sus recogidas o entregas.\u00a0 SOLICITE PRESUPUESTO Frequently Asked Questions What types of [&hellip;]\" \/>\n<meta property=\"og:url\" content=\"https:\/\/duamar.es\/en\/rail-service\/\" \/>\n<meta property=\"og:site_name\" content=\"Duamar - Tr\u00e1nsitos y Aduanas\" \/>\n<meta property=\"article:modified_time\" content=\"2026-04-07T09:23:50+00:00\" \/>\n<meta name=\"twitter:card\" content=\"summary_large_image\" \/>\n<meta name=\"twitter:label1\" content=\"Est. reading time\" \/>\n\t<meta name=\"twitter:data1\" content=\"2 minutes\" \/>\n<script type=\"application\/ld+json\" class=\"yoast-schema-graph\">{\"@context\":\"https:\\\/\\\/schema.org\",\"@graph\":[{\"@type\":\"WebPage\",\"@id\":\"https:\\\/\\\/duamar.es\\\/servicio-ferrocarril\\\/\",\"url\":\"https:\\\/\\\/duamar.es\\\/servicio-ferrocarril\\\/\",\"name\":\"Duamar - Tr\u00e1nsitos y Aduanas\",\"isPartOf\":{\"@id\":\"https:\\\/\\\/duamar.es\\\/#website\"},\"datePublished\":\"2025-08-04T09:24:06+00:00\",\"dateModified\":\"2026-04-07T09:23:50+00:00\",\"breadcrumb\":{\"@id\":\"https:\\\/\\\/duamar.es\\\/servicio-ferrocarril\\\/#breadcrumb\"},\"inLanguage\":\"en-US\",\"potentialAction\":[{\"@type\":\"ReadAction\",\"target\":[\"https:\\\/\\\/duamar.es\\\/servicio-ferrocarril\\\/\"]}]},{\"@type\":\"BreadcrumbList\",\"@id\":\"https:\\\/\\\/duamar.es\\\/servicio-ferrocarril\\\/#breadcrumb\",\"itemListElement\":[{\"@type\":\"ListItem\",\"position\":1,\"name\":\"Home\",\"item\":\"https:\\\/\\\/duamar.es\\\/\"},{\"@type\":\"ListItem\",\"position\":2,\"name\":\"Servicio Ferrocarril\"}]},{\"@type\":\"WebSite\",\"@id\":\"https:\\\/\\\/duamar.es\\\/#website\",\"url\":\"https:\\\/\\\/duamar.es\\\/\",\"name\":\"Duamar - Tr\u00e1nsitos y Aduanas\",\"description\":\"\",\"potentialAction\":[{\"@type\":\"SearchAction\",\"target\":{\"@type\":\"EntryPoint\",\"urlTemplate\":\"https:\\\/\\\/duamar.es\\\/?s={search_term_string}\"},\"query-input\":{\"@type\":\"PropertyValueSpecification\",\"valueRequired\":true,\"valueName\":\"search_term_string\"}}],\"inLanguage\":\"en-US\"}]}<\/script>\n<!-- \/ Yoast SEO plugin. -->","yoast_head_json":{"title":"Duamar - Transit and Customs","robots":{"index":"index","follow":"follow","max-snippet":"max-snippet:-1","max-image-preview":"max-image-preview:large","max-video-preview":"max-video-preview:-1"},"canonical":"https:\/\/duamar.es\/en\/rail-service\/","og_locale":"en_US","og_type":"article","og_title":"Duamar - Tr\u00e1nsitos y Aduanas","og_description":"inicio Servicios Conexiones ferroviarias nacionales e internacionales Descripci\u00f3n general Servicio de transporte internacional con mayor capacidad para sus mercanc\u00edas y para largas distancias. Tambi\u00e9n para optimizar recursos y costes en los servicios del transporte portuario utilizando un combinado por la red peninsular para sus recogidas o entregas.\u00a0 SOLICITE PRESUPUESTO Frequently Asked Questions What types of [&hellip;]","og_url":"https:\/\/duamar.es\/en\/rail-service\/","og_site_name":"Duamar - Tr\u00e1nsitos y Aduanas","article_modified_time":"2026-04-07T09:23:50+00:00","twitter_card":"summary_large_image","twitter_misc":{"Est. reading time":"2 minutes"},"schema":{"@context":"https:\/\/schema.org","@graph":[{"@type":"WebPage","@id":"https:\/\/duamar.es\/servicio-ferrocarril\/","url":"https:\/\/duamar.es\/servicio-ferrocarril\/","name":"Duamar - Transit and Customs","isPartOf":{"@id":"https:\/\/duamar.es\/#website"},"datePublished":"2025-08-04T09:24:06+00:00","dateModified":"2026-04-07T09:23:50+00:00","breadcrumb":{"@id":"https:\/\/duamar.es\/servicio-ferrocarril\/#breadcrumb"},"inLanguage":"en-US","potentialAction":[{"@type":"ReadAction","target":["https:\/\/duamar.es\/servicio-ferrocarril\/"]}]},{"@type":"BreadcrumbList","@id":"https:\/\/duamar.es\/servicio-ferrocarril\/#breadcrumb","itemListElement":[{"@type":"ListItem","position":1,"name":"Home","item":"https:\/\/duamar.es\/"},{"@type":"ListItem","position":2,"name":"Servicio Ferrocarril"}]},{"@type":"WebSite","@id":"https:\/\/duamar.es\/#website","url":"https:\/\/duamar.es\/","name":"Duamar - Transit and Customs","description":"","potentialAction":[{"@type":"SearchAction","target":{"@type":"EntryPoint","urlTemplate":"https:\/\/duamar.es\/?s={search_term_string}"},"query-input":{"@type":"PropertyValueSpecification","valueRequired":true,"valueName":"search_term_string"}}],"inLanguage":"en-US"}]}},"_links":{"self":[{"href":"https:\/\/duamar.es\/en\/wp-json\/wp\/v2\/pages\/225","targetHints":{"allow":["GET"]}}],"collection":[{"href":"https:\/\/duamar.es\/en\/wp-json\/wp\/v2\/pages"}],"about":[{"href":"https:\/\/duamar.es\/en\/wp-json\/wp\/v2\/types\/page"}],"author":[{"embeddable":true,"href":"https:\/\/duamar.es\/en\/wp-json\/wp\/v2\/users\/1"}],"replies":[{"embeddable":true,"href":"https:\/\/duamar.es\/en\/wp-json\/wp\/v2\/comments?post=225"}],"version-history":[{"count":28,"href":"https:\/\/duamar.es\/en\/wp-json\/wp\/v2\/pages\/225\/revisions"}],"predecessor-version":[{"id":957,"href":"https:\/\/duamar.es\/en\/wp-json\/wp\/v2\/pages\/225\/revisions\/957"}],"wp:attachment":[{"href":"https:\/\/duamar.es\/en\/wp-json\/wp\/v2\/media?parent=225"}],"curies":[{"name":"wp","href":"https:\/\/api.w.org\/{rel}","templated":true}]}}