{"id":420,"date":"2025-08-06T10:06:54","date_gmt":"2025-08-06T08:06:54","guid":{"rendered":"https:\/\/www.duamar.es\/?page_id=420"},"modified":"2025-08-06T10:16:52","modified_gmt":"2025-08-06T08:16:52","slug":"cookie-%e6%94%bf%e7%ad%96","status":"publish","type":"page","link":"https:\/\/duamar.es\/ch\/cookie-%e6%94%bf%e7%ad%96\/","title":{"rendered":"Cookie \u653f\u7b56"},"content":{"rendered":"<div data-elementor-type=\"wp-page\" data-elementor-id=\"420\" class=\"elementor elementor-420\" data-elementor-post-type=\"page\">\n\t\t\t\t<div class=\"elementor-element elementor-element-148abda4 e-flex e-con-boxed e-con e-parent\" data-id=\"148abda4\" data-element_type=\"container\" data-e-type=\"container\" data-settings=\"{&quot;background_background&quot;:&quot;classic&quot;}\">\n\t\t\t\t\t<div class=\"e-con-inner\">\n\t\t<div class=\"elementor-element elementor-element-4cba0f8c e-con-full e-flex e-con e-child\" data-id=\"4cba0f8c\" data-element_type=\"container\" data-e-type=\"container\">\n\t\t\t\t<div class=\"elementor-element elementor-element-6dba8b5 elementor-icon-list--layout-inline elementor-align-start animated-fast elementor-list-item-link-full_width elementor-invisible elementor-widget elementor-widget-icon-list\" data-id=\"6dba8b5\" data-element_type=\"widget\" data-e-type=\"widget\" data-settings=\"{&quot;_animation&quot;:&quot;slideInUp&quot;,&quot;_animation_delay&quot;:100}\" data-widget_type=\"icon-list.default\">\n\t\t\t\t\t\t\t<ul class=\"elementor-icon-list-items elementor-inline-items\">\n\t\t\t\t\t\t\t<li class=\"elementor-icon-list-item elementor-inline-item\">\n\t\t\t\t\t\t\t\t\t\t\t<a href=\"https:\/\/duamar.es\/ch\">\n\n\t\t\t\t\t\t\t\t\t\t\t<span class=\"elementor-icon-list-text\">\u9996\u9875<\/span>\n\t\t\t\t\t\t\t\t\t\t\t<\/a>\n\t\t\t\t\t\t\t\t\t<\/li>\n\t\t\t\t\t\t\t\t<li class=\"elementor-icon-list-item elementor-inline-item\">\n\t\t\t\t\t\t\t\t\t\t<span class=\"elementor-icon-list-text\"><\/span>\n\t\t\t\t\t\t\t\t\t<\/li>\n\t\t\t\t\t\t<\/ul>\n\t\t\t\t\t\t<\/div>\n\t\t\t\t<div class=\"elementor-element elementor-element-75d6e99a elementor-widget__width-initial animated-fast elementor-invisible elementor-widget elementor-widget-heading\" data-id=\"75d6e99a\" data-element_type=\"widget\" data-e-type=\"widget\" data-settings=\"{&quot;_animation&quot;:&quot;slideInUp&quot;,&quot;_animation_delay&quot;:150}\" data-widget_type=\"heading.default\">\n\t\t\t\t\t<h3 class=\"elementor-heading-title elementor-size-default\">\u5173\u4e8e Cookie \u7684\u4e00\u822c\u4fe1\u606f<\/h3>\t\t\t\t<\/div>\n\t\t\t\t<\/div>\n\t\t\t\t\t<\/div>\n\t\t\t\t<\/div>\n\t\t<div class=\"elementor-element elementor-element-696e3e82 e-flex e-con-boxed e-con e-parent\" data-id=\"696e3e82\" data-element_type=\"container\" data-e-type=\"container\" data-settings=\"{&quot;background_background&quot;:&quot;gradient&quot;}\">\n\t\t\t\t\t<div class=\"e-con-inner\">\n\t\t<div class=\"elementor-element elementor-element-f4d17f6 e-con-full e-flex e-con e-child\" data-id=\"f4d17f6\" data-element_type=\"container\" data-e-type=\"container\">\n\t\t<div class=\"elementor-element elementor-element-5798c4cb e-con-full e-flex e-con e-child\" data-id=\"5798c4cb\" data-element_type=\"container\" data-e-type=\"container\">\n\t\t\t\t<div class=\"elementor-element elementor-element-41a2308 elementor-widget__width-inherit elementor-widget elementor-widget-text-editor\" data-id=\"41a2308\" data-element_type=\"widget\" data-e-type=\"widget\" data-widget_type=\"text-editor.default\">\n\t\t\t\t\t\t\t\t\t<p>\u7528\u6237\u4fe1\u4efb\u5bf9\u6211\u4eec\u81f3\u5173\u91cd\u8981\uff0c\u56e0\u6b64\uff0c <strong>DUAMAR TRANSITOS Y ADUANAS S.A.U.<\/strong>\u00a0\u6211\u4eec\u81f4\u529b\u4e8e\u4fdd\u62a4\u60a8\u7684\u9690\u79c1\u3002\u4e3a\u6b64\uff0c\u6211\u4eec\u4f1a\u5c3d\u53ef\u80fd\u5411\u60a8\u63d0\u4f9b\u5173\u4e8e\u6211\u4eec\u5982\u4f55\u4f7f\u7528\u60a8\u7684\u4e2a\u4eba\u6570\u636e\u7684\u4fe1\u606f\uff0c\u5305\u62ec\u6211\u4eec\u5982\u4f55\u4f7f\u7528\u672c\u5730\u6570\u636e\u5b58\u50a8\u548c\u7c7b\u4f3c\u6280\u672f\u3002<\/p><p>\u672c\u5730\u6570\u636e\u5b58\u50a8\u662f\u6307\u901a\u8fc7\u60a8\u7684\u7f51\u7edc\u6d4f\u89c8\u5668\u5c06\u4e0d\u540c\u7c7b\u578b\u7684\u6570\u636e\u5b58\u50a8\u5728\u60a8\u7684\u8bbe\u5907\u4e0a\u3002\u672c\u5730\u5b58\u50a8\u7684\u6570\u636e\u53ef\u80fd\u5305\u62ec\u7528\u6237\u8bbe\u7f6e\u3001\u60a8\u6d4f\u89c8\u6211\u4eec\u7f51\u7ad9\u7684\u65b9\u5f0f\u3001\u60a8\u4f7f\u7528\u7684\u7f51\u7edc\u6d4f\u89c8\u5668\u3001\u5df2\u5c55\u793a\u7684\u5e7f\u544a\u4ee5\u53ca\u60a8\u5728\u6211\u4eec\u5408\u4f5c\u7f51\u7ad9\u4e0a\u7684\u7c7b\u4f3c\u884c\u4e3a\u7b49\u4fe1\u606f\u3002\u672c\u5730\u5b58\u50a8\u7684\u6570\u636e\u53ef\u7528\u4e8e\u4e2a\u6027\u5316\u6211\u4eec\u670d\u52a1\u7684\u5185\u5bb9\u548c\u529f\u80fd\uff0c\u4f7f\u60a8\u7684\u8bbf\u95ee\u66f4\u52a0\u4fbf\u6377\u548c\u76f8\u5173\u3002<\/p><p>\u672c\u5730\u6570\u636e\u5b58\u50a8\u7684\u4e00\u79cd\u65b9\u6cd5\u662f\u4f7f\u7528 Cookie\u3002Cookie \u662f\u5b58\u50a8\u5728\u60a8\u7684\u8bbe\u5907\uff08\u7535\u8111\u3001\u624b\u673a\u6216\u5e73\u677f\u7535\u8111\uff09\u4e0a\u7684\u5c0f\u578b\u6587\u672c\u6587\u4ef6\uff0c\u5b83\u4f7f\u6211\u4eec\u80fd\u591f\u8bc6\u522b\u60a8\u7684\u7f51\u7edc\u6d4f\u89c8\u5668\u3002Cookie \u4e3b\u8981\u5305\u542b\u6709\u5173\u60a8\u7684\u7f51\u7edc\u6d4f\u89c8\u5668\u53ca\u5176\u6d3b\u52a8\u7684\u4fe1\u606f\u3002\u5b83\u4eec\u6709\u52a9\u4e8e\u6211\u4eec\u786e\u4fdd\u7f51\u7ad9\u7684\u5b89\u5168\u6027\u548c\u6700\u4f73\u8fd0\u884c\u72b6\u6001\u3002\u4e00\u65e6\u60a8\u79bb\u5f00\u6211\u4eec\u7684\u7f51\u7ad9\uff0c\u8fd9\u4e9b Cookie\uff08\u5b89\u5168 Cookie \u548c\u4f1a\u8bdd Cookie\uff09\u5c06\u88ab\u5220\u9664\u3002\u6b64\u5916\uff0c\u5b83\u4eec\u8fd8\u4f1a\u6536\u96c6\u6709\u5173\u7f51\u7ad9\u8bbf\u95ee\u8005\u611f\u5174\u8da3\u7684\u4ea7\u54c1\u4ee5\u53ca\u4ed6\u4eec\u5982\u4f55\u6d4f\u89c8\u6211\u4eec\u7f51\u7ad9\u7684\u4fe1\u606f\uff0c\u4ee5\u4fbf\u6211\u4eec\u80fd\u591f\u63d0\u4f9b\u66f4\u5177\u5438\u5f15\u529b\u7684\u5728\u7ebf\u4ea7\u54c1\u548c\u670d\u52a1\uff08\u8ddf\u8e2a Cookie\uff09\u3002<\/p><p>\u6709\u5173 cookie \u7684\u9644\u52a0\u4fe1\u606f<\/p><p>\u6211\u4eec\u4f7f\u7528\u672c\u5730\u6570\u636e\u5b58\u50a8\u7528\u4e8e\u591a\u79cd\u7528\u9014\uff0c\u4f8b\u5982\uff1a\u4f7f\u6211\u4eec\u80fd\u591f\u63d0\u4f9b\u670d\u52a1\uff1b\u5728\u60a8\u8bbf\u95ee\u6211\u4eec\u7684\u7f51\u7ad9\u65f6\u4e3a\u60a8\u63d0\u4f9b\u76f8\u5173\u7684\u4e2a\u6027\u5316\u5185\u5bb9\uff1b\u8861\u91cf\u548c\u5206\u6790\u6211\u4eec\u7f51\u7ad9\u7684\u6d41\u91cf\uff1b\u6539\u8fdb\u6211\u4eec\u7684\u670d\u52a1\uff1b\u4ee5\u53ca\u6295\u653e\u5b9a\u5411\u5e7f\u544a\u3002\u4ee5\u4e0b\u5c06\u63d0\u4f9b\u5173\u4e8e\u8fd9\u4e9b\u4e3b\u9898\u7684\u66f4\u591a\u8be6\u7ec6\u4fe1\u606f\uff1a<\/p><ul><li>\u4e3a\u4e86\u6211\u4eec\u7684\u5e7f\u544a<\/li><\/ul><p>\u6211\u4eec\u5728\u5e7f\u544a\u6d3b\u52a8\u4e2d\u4f7f\u7528\u672c\u5730\u6570\u636e\u5b58\u50a8\u3002\u8fd9\u4f7f\u6211\u4eec\u80fd\u591f\u4e86\u89e3\u7528\u6237\u662f\u5426\u770b\u5230\u8fc7\u5e7f\u544a\u6216\u7279\u5b9a\u7c7b\u578b\u7684\u5e7f\u544a\uff0c\u4ee5\u53ca\u770b\u5230\u5e7f\u544a\u7684\u9891\u7387\u548c\u65f6\u95f4\u3002<\/p><p>\u6211\u4eec\u8fd8\u5229\u7528\u672c\u5730\u6570\u636e\u5b58\u50a8\u6765\u6784\u5efa\u7ec6\u5206\u5e02\u573a\u548c\u76ee\u6807\u7fa4\u4f53\uff0c\u4ee5\u8fbe\u5230\u8425\u9500\u76ee\u7684\uff0c\u5e76\u6295\u653e\u7279\u5b9a\u7684\u5e7f\u544a\u3002<\/p><ul><li>\u5206\u6790\u548c\u6539\u8fdb\u6211\u4eec\u7684\u670d\u52a1<\/li><\/ul><p>\u6211\u4eec\u4f7f\u7528\u591a\u79cd\u6d4b\u91cf\u5de5\u5177\uff0c\u4e3a\u6211\u4eec\u63d0\u4f9b\u4e0e\u670d\u52a1\u76f8\u5173\u7684\u7edf\u8ba1\u6570\u636e\u548c\u5206\u6790\u7ed3\u679c\u3002\u8fd9\u4e9b\u5de5\u5177\u4f7f\u6211\u4eec\u80fd\u591f\u8bc6\u522b\u7528\u6237\u4e00\u6bb5\u65f6\u95f4\u5185\u7684\u6d4f\u89c8\u5668\u884c\u4e3a\uff0c\u5e76\u786e\u5b9a\u7528\u6237\u662f\u5426\u66fe\u8bbf\u95ee\u8fc7\u6211\u4eec\u7684\u7f51\u7ad9\uff0c\u4ee5\u53ca\u8bbf\u95ee\u9891\u7387\u3002\u8fd9\u4e9b\u5de5\u5177\u8ba9\u6211\u4eec\u80fd\u591f\u6982\u89c8\u72ec\u7acb\u7528\u6237\u6570\u91cf\u4ee5\u53ca\u4ed6\u4eec\u5982\u4f55\u4f7f\u7528\u6211\u4eec\u7684\u670d\u52a1\u3002<\/p><p>\u6211\u4eec\u8fd8\u4f1a\u5229\u7528\u6536\u96c6\u548c\u5206\u6790\u7684\u4fe1\u606f\u6765\u5f00\u53d1\u548c\u6539\u8fdb\u6211\u4eec\u7684\u670d\u52a1\uff1b\u4f8b\u5982\uff0c\u901a\u8fc7\u627e\u51fa\u54ea\u4e9b\u670d\u52a1\u4ea7\u751f\u4e86\u5927\u91cf\u6d41\u91cf\uff0c\u6216\u8005\u67e5\u770b\u67d0\u9879\u670d\u52a1\u662f\u5426\u4ee5\u6700\u4f73\u72b6\u6001\u8fd0\u884c\u3002<\/p><ul><li>\u4e3a\u60a8\u63d0\u4f9b\u5e76\u8c03\u6574\u670d\u52a1\u4ee5\u6ee1\u8db3\u60a8\u7684\u4f7f\u7528\u9700\u6c42<\/li><\/ul><p>\u4e3a\u4e86\u8ba9\u60a8\u4f7f\u7528\u6211\u4eec\u7684\u670d\u52a1\uff0c\u6211\u4eec\u9700\u8981\u5b58\u50a8\u672c\u5730\u6570\u636e\uff0c\u4f8b\u5982\u60a8\u7684\u8bbe\u7f6e\u4fe1\u606f\uff0c\u4ee5\u4fbf\u6211\u4eec\u4e86\u89e3\u670d\u52a1\u5e94\u8be5\u5982\u4f55\u5728\u60a8\u7684\u7f51\u7edc\u6d4f\u89c8\u5668\u4e2d\u5448\u73b0\u3002<\/p><p>\u6211\u4eec\u8fd8\u4f7f\u7528\u672c\u5730\u6570\u636e\u5b58\u50a8\uff0c\u4ee5\u4fbf\u5c3d\u53ef\u80fd\u5730\u6839\u636e\u60a8\u7684\u4f7f\u7528\u60c5\u51b5\u5b9a\u5236\u6211\u4eec\u7684\u670d\u52a1\u3002<\/p><p>Cookie\u7ba1\u7406<\/p><p>\u60a8\u53ef\u4ee5\u7981\u7528 Cookie\uff0c\u6216\u8005\u5c06\u6d4f\u89c8\u5668\u914d\u7f6e\u4e3a\u5728\u6536\u5230 Cookie \u65f6\u901a\u77e5\u60a8\u3002<\/p><p>\u60a8\u7684\u7f51\u7edc\u6d4f\u89c8\u5668\u8bbe\u7f6e\u901a\u5e38\u4f1a\u663e\u793a\u6240\u6709\u5df2\u5b58\u50a8\u7684 Cookie \u5217\u8868\uff0c\u65b9\u4fbf\u60a8\u6982\u89c8\u5e76\u5220\u9664\u4e0d\u9700\u8981\u7684 Cookie\u3002\u60a8\u901a\u5e38\u53ef\u4ee5\u6307\u5b9a\u662f\u5426\u63a5\u53d7\u6765\u81ea\u60a8\u8bbf\u95ee\u7684\u7f51\u7ad9\u6216\u4e0e\u8fd9\u4e9b\u7f51\u7ad9\u5173\u8054\u7684\u7b2c\u4e09\u65b9\u7684 Cookie\u3002\u60a8\u8fd8\u53ef\u4ee5\u9009\u62e9\u5728\u6bcf\u6b21\u5b58\u50a8\u65b0 Cookie \u65f6\u6536\u5230\u901a\u77e5\u3002\u4e0b\u6587\u5c06\u4ecb\u7ecd\u5982\u4f55\u5728\u4e0d\u540c\u7684\u7f51\u7edc\u6d4f\u89c8\u5668\u4e2d\u8fdb\u884c\u6b64\u64cd\u4f5c\u3002\u60a8\u7684\u7f51\u7edc\u6d4f\u89c8\u5668\u901a\u5e38\u4f1a\u5c06 Cookie \u5b58\u50a8\u5728\u786c\u76d8\u4e0a\u7684\u7279\u5b9a\u6587\u4ef6\u5939\u4e2d\uff0c\u65b9\u4fbf\u60a8\u67e5\u770b\u5176\u5185\u5bb9\u3002<\/p><p>\u7136\u800c\uff0c\u7f51\u7ad9\u4e0a\u7684 Cookie \u4f1a\u9891\u7e41\u66f4\u6539\uff0c\u800c\u4e14\u5e76\u975e\u6240\u6709 Cookie \u90fd\u540c\u7b49\u91cd\u8981\u3002\u56e0\u6b64\uff0c\u5982\u679c\u00a0<strong>DUAMAR TRANSITOS Y ADUANAS S.A.U.<\/strong>\u00a0\u5982\u679c\u60a8\u66f4\u6539\u8ddf\u8e2a cookie \u7684\u4f7f\u7528\u65b9\u5f0f\uff0c\u60a8\u5c06\u6536\u5230\u4e00\u6761\u6d88\u606f\u901a\u77e5\u3002<\/p><p>\u6b64\u5916\uff0c\u8fd8\u6709\u4e00\u4e9b\u4e13\u95e8\u5f00\u53d1\u7684\u670d\u52a1\uff0c\u53ef\u4ee5\u4e3a\u7528\u6237\u63d0\u4f9b\u6700\u65b0\u7684 cookie \u548c\u5176\u4ed6\u8ddf\u8e2a\u673a\u5236\u5217\u8868\u3002<\/p><p>\u8bf7\u6ce8\u610f\uff0c\u5982\u679c\u60a8\u7981\u7528\u8fd9\u4e9b\u529f\u80fd\uff0c\u60a8\u53ef\u80fd\u65e0\u6cd5\u4eab\u53d7\u6211\u4eec\u7f51\u7ad9\u7684\u6240\u6709\u529f\u80fd\u3002<\/p><p>\u4ee5\u4e0b\u6982\u8ff0\u4e86\u4e0d\u540c\u7f51\u7edc\u6d4f\u89c8\u5668\u4e2d\u7ba1\u7406\u672c\u5730\u5b58\u50a8\u6570\u636e\u7684\u65b9\u6cd5\u3002\u8bf7\u6ce8\u610f\uff0c\u6b64\u8fc7\u7a0b\u53ef\u80fd\u4f1a\u53d1\u751f\u53d8\u5316\uff0c\u6b64\u5904\u63d0\u4f9b\u7684\u63cf\u8ff0\u53ef\u80fd\u5e76\u975e\u6700\u65b0\u4fe1\u606f\u3002<\/p><p>\u5728 Google Chrome \u4e2d\u7ba1\u7406 Cookie<\/p><ul><li>\u5982\u4f55\u5220\u9664 Cookie\uff1a<ol><li>\u8fdb\u5165\u6d4f\u89c8\u5668\u83dc\u5355\u4e2d\u7684\u201c\u8bbe\u7f6e\u201d\u3002<\/li><li>\u70b9\u51fb\u201c\u663e\u793a\u9ad8\u7ea7\u8bbe\u7f6e\u201d\u3002<\/li><li>\u70b9\u51fb\u201c\u5220\u9664\u6d4f\u89c8\u6570\u636e\u201d\u3002<\/li><li>\u8bf7\u4ece\u9876\u90e8\u83dc\u5355\u4e2d\u9009\u62e9\u8981\u5220\u9664\u4fe1\u606f\u7684\u65f6\u95f4\u6bb5\u3002\u5982\u679c\u8981\u5220\u9664\u6d4f\u89c8\u5668\u4e2d\u7684\u6240\u6709 Cookie\uff0c\u8bf7\u70b9\u51fb\u201c\u4ece\u4e00\u5f00\u59cb\u201d\u3002<\/li><li>\u54c1\u724c Cookie \u548c\u5176\u4ed6\u7f51\u7ad9\u53ca\u63d2\u4ef6\u6570\u636e\u3002<\/li><li>\u70b9\u51fb\u201c\u6e05\u9664\u6d4f\u89c8\u6570\u636e\u201d\u3002<\/li><li>\u5173\u4e0a\u7a97\u6237\u3002<\/li><\/ol><\/li><li>\u5982\u4f55\u963b\u6b62\u6d4f\u89c8\u5668\u5b58\u50a8 Cookie\uff1a<ol><li>\u8fdb\u5165\u6d4f\u89c8\u5668\u83dc\u5355\u4e2d\u7684\u201c\u8bbe\u7f6e\u201d\u3002<\/li><li>\u70b9\u51fb\u201c\u663e\u793a\u9ad8\u7ea7\u8bbe\u7f6e\u201d\uff0c\u7136\u540e\u70b9\u51fb\u201c\u5185\u5bb9\u8bbe\u7f6e\u201d\u3002<\/li><li>\u5728\u201cCookie\u201d\u8bbe\u7f6e\u4e2d\uff0c\u9009\u62e9\u60a8\u7684\u504f\u597d\u9009\u9879\u3002\u5982\u679c\u60a8\u60f3\u963b\u6b62\u5b58\u50a8\u6240\u6709 Cookie\uff0c\u8bf7\u70b9\u51fb\u201c\u4e0d\u5141\u8bb8\u7f51\u7ad9\u4fdd\u5b58\u6570\u636e\u201d\u3002<\/li><li>\u5355\u51fb\u201c\u5b8c\u6210\u201d\u3002<\/li><li>\u5173\u4e0a\u7a97\u6237\u3002<\/li><\/ol><\/li><\/ul><p>\u5728 Safari \u4e2d\u7ba1\u7406 Cookie<\/p><ul><li>\u5982\u4f55\u5220\u9664 Cookie\uff1a<ol><li>\u8f6c\u5230\u6d4f\u89c8\u5668\u83dc\u5355\u4e2d\u7684\u201c\u9996\u9009\u9879\u201d\u3002<\/li><li>\u70b9\u51fb\u201c\u9690\u79c1\u201d\u9009\u9879\u5361\u3002<\/li><li>\u70b9\u51fb\u201c\u5220\u9664\u6240\u6709\u7f51\u7ad9\u6570\u636e\u201d\uff0c\u7136\u540e\u70b9\u51fb\u201c\u5220\u9664\u201d\u4ee5\u5220\u9664\u6240\u6709 Cookie\u3002<\/li><li>\u5173\u4e0a\u7a97\u6237\u3002<\/li><\/ol><\/li><li>\u5982\u4f55\u963b\u6b62\u6d4f\u89c8\u5668\u5b58\u50a8 Cookie\uff1a<ol><li>\u524d\u5f80\u6d4f\u89c8\u5668\u83dc\u5355\u4e2d\u7684\u201c\u9996\u9009\u9879\u201d<\/li><li>\u70b9\u51fb\u201c\u9690\u79c1\u201d\u9009\u9879\u5361\u3002<\/li><li>\u5728\u201cCookie \u548c\u7f51\u7ad9\u6570\u636e\u201d\u4e2d\uff0c\u9009\u62e9\u60a8\u7684\u504f\u597d\u9009\u9879\u3002\u5982\u679c\u60a8\u5e0c\u671b\u963b\u6b62\u5b58\u50a8\u6240\u6709 Cookie\uff0c\u8bf7\u70b9\u51fb\u201c\u59cb\u7ec8\u963b\u6b62\u201d\u3002<\/li><li>\u5173\u4e0a\u7a97\u6237\u3002<\/li><\/ol><\/li><\/ul><p>\u5728 Mozilla Firefox \u4e2d\u7ba1\u7406 Cookie<\/p><ul><li>\u5982\u4f55\u5220\u9664 Cookie\uff1a<ol><li>\u8f6c\u5230\u6d4f\u89c8\u5668\u83dc\u5355\u4e2d\u7684\u201c\u9009\u9879\u201d\u3002<\/li><li>\u70b9\u51fb\u201c\u9690\u79c1\u201d\u9009\u9879\u5361\u3002<\/li><li>\u70b9\u51fb\u201c\u663e\u793a Cookie\u201d\u3002<\/li><li>\u70b9\u51fb\u201c\u663e\u793a Cookie\u201d\u3002\u9009\u62e9\u8981\u5220\u9664\u7684 Cookie\uff0c\u7136\u540e\u70b9\u51fb\u201c\u5220\u9664\u6240\u9009\u201d\u3002\u5982\u679c\u8981\u5220\u9664\u6d4f\u89c8\u5668\u4e2d\u7684\u6240\u6709 Cookie\uff0c\u8bf7\u70b9\u51fb\u201c\u5168\u90e8\u5220\u9664\u201d\u3002<\/li><li>\u5173\u95ed\u7a97\u53e3\u3002\u60a8\u6240\u505a\u7684\u4efb\u4f55\u66f4\u6539\u90fd\u5c06\u81ea\u52a8\u4fdd\u5b58\u3002<\/li><\/ol><\/li><li>\u5982\u4f55\u963b\u6b62\u6d4f\u89c8\u5668\u5b58\u50a8 Cookie\uff1a<ol><li>\u8fdb\u5165\u6d4f\u89c8\u5668\u83dc\u5355\u4e2d\u7684\u201c\u8bbe\u7f6e\u201d\u3002<\/li><li>\u9009\u62e9\u201c\u9690\u79c1\u201d\u9009\u9879\u5361\u3002<\/li><li>\u5728\u5386\u53f2\u8bb0\u5f55\u4e2d\uff0c\u5355\u51fb\u201c\u4f7f\u7528\u81ea\u5b9a\u4e49\u5386\u53f2\u8bb0\u5f55\u8bbe\u7f6e\u201d\u3002<\/li><li>\u8bf7\u5728\u201c\u5141\u8bb8\u6765\u81ea\u7f51\u7ad9\u7684 Cookie\u201d\u4e0b\u9009\u62e9\u60a8\u7684\u504f\u597d\u9009\u9879\u3002\u5982\u679c\u60a8\u5e0c\u671b\u963b\u6b62\u5b58\u50a8\u6240\u6709 Cookie\uff0c\u8bf7\u53d6\u6d88\u9009\u4e2d\u201c\u63a5\u53d7\u6765\u81ea\u7f51\u7ad9\u7684 Cookie\u201d\u590d\u9009\u6846\u3002<\/li><li>\u5173\u95ed\u7a97\u53e3\u3002\u60a8\u6240\u505a\u7684\u4efb\u4f55\u66f4\u6539\u90fd\u5c06\u81ea\u52a8\u4fdd\u5b58\u3002<\/li><\/ol><\/li><\/ul><p>\u5728 Internet Explorer \u4e2d\u7ba1\u7406 Cookie<\/p><ul><li>\u5982\u4f55\u5220\u9664 Cookie\uff1a<ol><li>\u5728\u6d4f\u89c8\u5668\u83dc\u5355\u4e2d\uff0c\u70b9\u51fb\u201c\u5de5\u5177\u201d\uff08\u9f7f\u8f6e\u56fe\u6807\uff09\u3002<\/li><li>\u70b9\u51fb\u201c\u7f51\u7edc\u5c5e\u6027\u201d\u3002<\/li><li>\u5728\u201c\u5e38\u89c4\u201d\u9009\u9879\u5361 - \u201c\u6d4f\u89c8\u5386\u53f2\u8bb0\u5f55\u201d\u4e2d\uff0c\u5355\u51fb\u201c\u5220\u9664\u201d\u3002<\/li><li>\u8bf7\u52a1\u5fc5\u9009\u4e2d\u201cCookie \u548c\u7f51\u7ad9\u6570\u636e\u201d\u9009\u9879\u3002<\/li><li>\u5355\u51fb\u5220\u9664\u3002<\/li><li>\u5355\u51fb\u201c\u786e\u5b9a\u201d\u3002<\/li><\/ol><\/li><li>\u5982\u4f55\u963b\u6b62\u6d4f\u89c8\u5668\u5b58\u50a8 Cookie\uff1a<ol><li>\u5728\u6d4f\u89c8\u5668\u83dc\u5355\u4e2d\uff0c\u70b9\u51fb\u201c\u5de5\u5177\u201d\uff08\u9f7f\u8f6e\u56fe\u6807\uff09\u3002<\/li><li>\u70b9\u51fb\u201cInternet \u9009\u9879\u201d\uff0c\u7136\u540e\u70b9\u51fb\u201c\u9690\u79c1\u201d\u9009\u9879\u5361\u3002<\/li><li>\u5c06\u6ed1\u5757\u79fb\u52a8\u5230\u6240\u9700\u7ea7\u522b\u3002\u5982\u679c\u60a8\u60f3\u963b\u6b62\u5b58\u50a8\u6240\u6709 Cookie\uff0c\u8bf7\u9009\u62e9\u201c\u963b\u6b62\u6240\u6709 Cookie\u201d\u7ea7\u522b\u3002<\/li><li>\u5355\u51fb\u201c\u786e\u5b9a\u201d\u3002<\/li><\/ol><\/li><\/ul><p>Opera \u4e2d\u7684 Cookie \u7ba1\u7406<\/p><ul><li>\u5982\u4f55\u5220\u9664 Cookie\uff1a<ol><li>\u8fdb\u5165\u6d4f\u89c8\u5668\u83dc\u5355\u4e2d\u7684\u201c\u8bbe\u7f6e\u201d\u3002<\/li><li>\u9009\u62e9\u201c\u9690\u79c1\u548c\u5b89\u5168\u201d\u9009\u9879\u5361\u3002<\/li><li>\u70b9\u51fb\u201cCookie\u201d\uff0c\u7136\u540e\u70b9\u51fb\u201c\u6240\u6709 Cookie \u548c\u7f51\u7ad9\u6570\u636e\u201d\u3002<\/li><li>\u9009\u62e9\u8981\u5220\u9664\u7684 Cookie\uff0c\u7136\u540e\u5355\u51fb\u201c\u5220\u9664\u201d\u3002\u5982\u679c\u8981\u5220\u9664\u6d4f\u89c8\u5668\u4e2d\u7684\u6240\u6709 Cookie\uff0c\u8bf7\u5355\u51fb\u201c\u5168\u90e8\u5220\u9664\u201d\u3002<\/li><li>\u5355\u51fb\u201c\u5b8c\u6210\u201d\u3002<\/li><li>\u5173\u4e0a\u7a97\u6237\u3002<\/li><\/ol><\/li><li>\u5982\u4f55\u963b\u6b62\u6d4f\u89c8\u5668\u5b58\u50a8 Cookie\uff1a<ol><li>\u8fdb\u5165\u6d4f\u89c8\u5668\u83dc\u5355\u4e2d\u7684\u201c\u8bbe\u7f6e\u201d\u3002<\/li><li>\u9009\u62e9\u201c\u9690\u79c1\u548c\u5b89\u5168\u201d\u9009\u9879\u5361\u3002<\/li><\/ol><\/li><\/ul><p>\u5728\u201cCookie\u201d\u8bbe\u7f6e\u4e2d\uff0c\u9009\u62e9\u60a8\u7684\u504f\u597d\u9009\u9879\u3002\u5982\u679c\u60a8\u5e0c\u671b\u963b\u6b62\u5b58\u50a8\u6240\u6709 Cookie\uff0c\u8bf7\u70b9\u51fb\u201c\u4e0d\u5141\u8bb8\u7f51\u7ad9\u4fdd\u5b58\u6570\u636e\u201d\u3002<\/p><ol start=\"3\"><li>\u5173\u4e0a\u7a97\u6237\u3002<\/li><\/ol><p>\u8054\u7cfb\u4fe1\u606f<\/p><p>\u4e3a\u4e86\u63d0\u9ad8\u900f\u660e\u5ea6\uff0c\u5982\u679c\u60a8\u5bf9\u6211\u4eec\u7f51\u7ad9\u4e0a\u672c\u5730\u5b58\u50a8\u7684\u4f7f\u7528\u6709\u4efb\u4f55\u7591\u95ee\uff0c\u8bf7\u8054\u7cfb\u6211\u4eec\u3002\u00a0<strong>ADMINISTRACION@DUAMAR.ES<\/strong>, \u90ae\u4ef6\u4e3b\u9898\u6ce8\u660e\u201cCookie \u653f\u7b56\u201d\u00a0<\/p>\t\t\t\t\t\t\t\t<\/div>\n\t\t\t\t<\/div>\n\t\t\t\t<\/div>\n\t\t\t\t\t<\/div>\n\t\t\t\t<\/div>\n\t\t\t\t<\/div>","protected":false},"excerpt":{"rendered":"<p>inicio Informaci\u00f3n General De Las Cookies La confianza del usuario es importante para nosotros, y por consiguiente, en DUAMAR TRANSITOS Y ADUANAS S.A.U.\u00a0nos preocupa proteger su privacidad. Un aspecto importante de esto es proporcionarle toda la informaci\u00f3n posible sobre c\u00f3mo utilizamos tus datos de car\u00e1cter personal, incluso c\u00f3mo utilizamos el almacenamiento local de datos y [&hellip;]<\/p>","protected":false},"author":1,"featured_media":0,"parent":0,"menu_order":0,"comment_status":"closed","ping_status":"closed","template":"elementor_header_footer","meta":{"footnotes":""},"class_list":["post-420","page","type-page","status-publish","hentry"],"yoast_head":"<!-- This site is optimized with the Yoast SEO plugin v27.5 - https:\/\/yoast.com\/product\/yoast-seo-wordpress\/ -->\n<title>Duamar - Tr\u00e1nsitos y Aduanas<\/title>\n<meta name=\"robots\" content=\"index, follow, max-snippet:-1, max-image-preview:large, max-video-preview:-1\" \/>\n<link rel=\"canonical\" href=\"https:\/\/duamar.es\/ch\/cookie-\u653f\u7b56\/\" \/>\n<meta property=\"og:locale\" content=\"zh_CN\" \/>\n<meta property=\"og:type\" content=\"article\" \/>\n<meta property=\"og:title\" content=\"Duamar - Tr\u00e1nsitos y Aduanas\" \/>\n<meta property=\"og:description\" content=\"inicio Informaci\u00f3n General De Las Cookies La confianza del usuario es importante para nosotros, y por consiguiente, en DUAMAR TRANSITOS Y ADUANAS S.A.U.\u00a0nos preocupa proteger su privacidad. Un aspecto importante de esto es proporcionarle toda la informaci\u00f3n posible sobre c\u00f3mo utilizamos tus datos de car\u00e1cter personal, incluso c\u00f3mo utilizamos el almacenamiento local de datos y [&hellip;]\" \/>\n<meta property=\"og:url\" content=\"https:\/\/duamar.es\/ch\/cookie-\u653f\u7b56\/\" \/>\n<meta property=\"og:site_name\" content=\"Duamar - Tr\u00e1nsitos y Aduanas\" \/>\n<meta property=\"article:modified_time\" content=\"2025-08-06T08:16:52+00:00\" \/>\n<meta name=\"twitter:card\" content=\"summary_large_image\" \/>\n<meta name=\"twitter:label1\" content=\"\u9884\u8ba1\u9605\u8bfb\u65f6\u95f4\" \/>\n\t<meta name=\"twitter:data1\" content=\"8 \u5206\" \/>\n<script type=\"application\/ld+json\" class=\"yoast-schema-graph\">{\"@context\":\"https:\\\/\\\/schema.org\",\"@graph\":[{\"@type\":\"WebPage\",\"@id\":\"https:\\\/\\\/duamar.es\\\/politica-de-cookies\\\/\",\"url\":\"https:\\\/\\\/duamar.es\\\/politica-de-cookies\\\/\",\"name\":\"Duamar - Tr\u00e1nsitos y Aduanas\",\"isPartOf\":{\"@id\":\"https:\\\/\\\/duamar.es\\\/#website\"},\"datePublished\":\"2025-08-06T08:06:54+00:00\",\"dateModified\":\"2025-08-06T08:16:52+00:00\",\"breadcrumb\":{\"@id\":\"https:\\\/\\\/duamar.es\\\/politica-de-cookies\\\/#breadcrumb\"},\"inLanguage\":\"zh-Hans\",\"potentialAction\":[{\"@type\":\"ReadAction\",\"target\":[\"https:\\\/\\\/duamar.es\\\/politica-de-cookies\\\/\"]}]},{\"@type\":\"BreadcrumbList\",\"@id\":\"https:\\\/\\\/duamar.es\\\/politica-de-cookies\\\/#breadcrumb\",\"itemListElement\":[{\"@type\":\"ListItem\",\"position\":1,\"name\":\"Home\",\"item\":\"https:\\\/\\\/duamar.es\\\/\"},{\"@type\":\"ListItem\",\"position\":2,\"name\":\"Pol\u00edtica de Cookies\"}]},{\"@type\":\"WebSite\",\"@id\":\"https:\\\/\\\/duamar.es\\\/#website\",\"url\":\"https:\\\/\\\/duamar.es\\\/\",\"name\":\"Duamar - Tr\u00e1nsitos y Aduanas\",\"description\":\"\",\"potentialAction\":[{\"@type\":\"SearchAction\",\"target\":{\"@type\":\"EntryPoint\",\"urlTemplate\":\"https:\\\/\\\/duamar.es\\\/?s={search_term_string}\"},\"query-input\":{\"@type\":\"PropertyValueSpecification\",\"valueRequired\":true,\"valueName\":\"search_term_string\"}}],\"inLanguage\":\"zh-Hans\"}]}<\/script>\n<!-- \/ Yoast SEO plugin. -->","yoast_head_json":{"title":"Duamar - Tr\u00e1nsitos y Aduanas","robots":{"index":"index","follow":"follow","max-snippet":"max-snippet:-1","max-image-preview":"max-image-preview:large","max-video-preview":"max-video-preview:-1"},"canonical":"https:\/\/duamar.es\/ch\/cookie-\u653f\u7b56\/","og_locale":"zh_CN","og_type":"article","og_title":"Duamar - Tr\u00e1nsitos y Aduanas","og_description":"inicio Informaci\u00f3n General De Las Cookies La confianza del usuario es importante para nosotros, y por consiguiente, en DUAMAR TRANSITOS Y ADUANAS S.A.U.\u00a0nos preocupa proteger su privacidad. Un aspecto importante de esto es proporcionarle toda la informaci\u00f3n posible sobre c\u00f3mo utilizamos tus datos de car\u00e1cter personal, incluso c\u00f3mo utilizamos el almacenamiento local de datos y [&hellip;]","og_url":"https:\/\/duamar.es\/ch\/cookie-\u653f\u7b56\/","og_site_name":"Duamar - Tr\u00e1nsitos y Aduanas","article_modified_time":"2025-08-06T08:16:52+00:00","twitter_card":"summary_large_image","twitter_misc":{"\u9884\u8ba1\u9605\u8bfb\u65f6\u95f4":"8 \u5206"},"schema":{"@context":"https:\/\/schema.org","@graph":[{"@type":"WebPage","@id":"https:\/\/duamar.es\/politica-de-cookies\/","url":"https:\/\/duamar.es\/politica-de-cookies\/","name":"Duamar - Tr\u00e1nsitos y Aduanas","isPartOf":{"@id":"https:\/\/duamar.es\/#website"},"datePublished":"2025-08-06T08:06:54+00:00","dateModified":"2025-08-06T08:16:52+00:00","breadcrumb":{"@id":"https:\/\/duamar.es\/politica-de-cookies\/#breadcrumb"},"inLanguage":"zh-Hans","potentialAction":[{"@type":"ReadAction","target":["https:\/\/duamar.es\/politica-de-cookies\/"]}]},{"@type":"BreadcrumbList","@id":"https:\/\/duamar.es\/politica-de-cookies\/#breadcrumb","itemListElement":[{"@type":"ListItem","position":1,"name":"Home","item":"https:\/\/duamar.es\/"},{"@type":"ListItem","position":2,"name":"Pol\u00edtica de Cookies"}]},{"@type":"WebSite","@id":"https:\/\/duamar.es\/#website","url":"https:\/\/duamar.es\/","name":"Duamar - Tr\u00e1nsitos y Aduanas","description":"","potentialAction":[{"@type":"SearchAction","target":{"@type":"EntryPoint","urlTemplate":"https:\/\/duamar.es\/?s={search_term_string}"},"query-input":{"@type":"PropertyValueSpecification","valueRequired":true,"valueName":"search_term_string"}}],"inLanguage":"zh-Hans"}]}},"_links":{"self":[{"href":"https:\/\/duamar.es\/ch\/wp-json\/wp\/v2\/pages\/420","targetHints":{"allow":["GET"]}}],"collection":[{"href":"https:\/\/duamar.es\/ch\/wp-json\/wp\/v2\/pages"}],"about":[{"href":"https:\/\/duamar.es\/ch\/wp-json\/wp\/v2\/types\/page"}],"author":[{"embeddable":true,"href":"https:\/\/duamar.es\/ch\/wp-json\/wp\/v2\/users\/1"}],"replies":[{"embeddable":true,"href":"https:\/\/duamar.es\/ch\/wp-json\/wp\/v2\/comments?post=420"}],"version-history":[{"count":4,"href":"https:\/\/duamar.es\/ch\/wp-json\/wp\/v2\/pages\/420\/revisions"}],"predecessor-version":[{"id":427,"href":"https:\/\/duamar.es\/ch\/wp-json\/wp\/v2\/pages\/420\/revisions\/427"}],"wp:attachment":[{"href":"https:\/\/duamar.es\/ch\/wp-json\/wp\/v2\/media?parent=420"}],"curies":[{"name":"wp","href":"https:\/\/api.w.org\/{rel}","templated":true}]}}