{"id":263,"date":"2025-08-04T11:57:00","date_gmt":"2025-08-04T09:57:00","guid":{"rendered":"https:\/\/www.duamar.es\/?page_id=263"},"modified":"2026-04-07T12:40:05","modified_gmt":"2026-04-07T10:40:05","slug":"%e9%80%9a%e5%85%b3%e6%9c%8d%e5%8a%a1","status":"publish","type":"page","link":"https:\/\/duamar.es\/ch\/%e9%80%9a%e5%85%b3%e6%9c%8d%e5%8a%a1\/","title":{"rendered":"\u901a\u5173\u62a5\u68c0"},"content":{"rendered":"<div data-elementor-type=\"wp-page\" data-elementor-id=\"263\" class=\"elementor elementor-263\" data-elementor-post-type=\"page\">\n\t\t\t\t<div class=\"elementor-element elementor-element-148abda4 e-flex e-con-boxed e-con e-parent\" data-id=\"148abda4\" data-element_type=\"container\" data-e-type=\"container\" data-settings=\"{&quot;background_background&quot;:&quot;classic&quot;}\">\n\t\t\t\t\t<div class=\"e-con-inner\">\n\t\t<div class=\"elementor-element elementor-element-4cba0f8c e-con-full e-flex e-con e-child\" data-id=\"4cba0f8c\" data-element_type=\"container\" data-e-type=\"container\">\n\t\t\t\t<div class=\"elementor-element elementor-element-6dba8b5 elementor-icon-list--layout-inline elementor-align-start animated-fast elementor-list-item-link-full_width elementor-invisible elementor-widget elementor-widget-icon-list\" data-id=\"6dba8b5\" data-element_type=\"widget\" data-e-type=\"widget\" data-settings=\"{&quot;_animation&quot;:&quot;slideInUp&quot;,&quot;_animation_delay&quot;:100}\" data-widget_type=\"icon-list.default\">\n\t\t\t\t\t\t\t<ul class=\"elementor-icon-list-items elementor-inline-items\">\n\t\t\t\t\t\t\t<li class=\"elementor-icon-list-item elementor-inline-item\">\n\t\t\t\t\t\t\t\t\t\t\t<a href=\"https:\/\/duamar.es\/ch\">\n\n\t\t\t\t\t\t\t\t\t\t\t<span class=\"elementor-icon-list-text\">\u9996\u9875<\/span>\n\t\t\t\t\t\t\t\t\t\t\t<\/a>\n\t\t\t\t\t\t\t\t\t<\/li>\n\t\t\t\t\t\t\t\t<li class=\"elementor-icon-list-item elementor-inline-item\">\n\t\t\t\t\t\t\t\t\t\t\t<a href=\"https:\/\/duamar.es\/ch\/%e6%9c%8d%e5%8a%a1\/\">\n\n\t\t\t\t\t\t\t\t\t\t\t<span class=\"elementor-icon-list-text\">\u4e1a\u52a1\u8303\u56f4<\/span>\n\t\t\t\t\t\t\t\t\t\t\t<\/a>\n\t\t\t\t\t\t\t\t\t<\/li>\n\t\t\t\t\t\t\t\t<li class=\"elementor-icon-list-item elementor-inline-item\">\n\t\t\t\t\t\t\t\t\t\t<span class=\"elementor-icon-list-text\"><\/span>\n\t\t\t\t\t\t\t\t\t<\/li>\n\t\t\t\t\t\t<\/ul>\n\t\t\t\t\t\t<\/div>\n\t\t\t\t<div class=\"elementor-element elementor-element-a322241 elementor-widget__width-initial elementor-widget elementor-widget-text-editor\" data-id=\"a322241\" data-element_type=\"widget\" data-e-type=\"widget\" data-widget_type=\"text-editor.default\">\n\t\t\t\t\t\t\t\t\t<p>\u5feb\u901f\u53ca\u65f6\u7684\u8d27\u7269\u901a\u5173\u4fdd\u8bc1<\/p>\t\t\t\t\t\t\t\t<\/div>\n\t\t\t\t<\/div>\n\t\t\t\t\t<\/div>\n\t\t\t\t<\/div>\n\t\t<div class=\"elementor-element elementor-element-696e3e82 e-flex e-con-boxed e-con e-parent\" data-id=\"696e3e82\" data-element_type=\"container\" data-e-type=\"container\" data-settings=\"{&quot;background_background&quot;:&quot;gradient&quot;}\">\n\t\t\t\t\t<div class=\"e-con-inner\">\n\t\t<div class=\"elementor-element elementor-element-f4d17f6 e-con-full e-flex e-con e-child\" data-id=\"f4d17f6\" data-element_type=\"container\" data-e-type=\"container\">\n\t\t<div class=\"elementor-element elementor-element-5798c4cb e-con-full e-flex e-con e-child\" data-id=\"5798c4cb\" data-element_type=\"container\" data-e-type=\"container\">\n\t\t<div class=\"elementor-element elementor-element-12638563 e-con-full e-flex e-con e-child\" data-id=\"12638563\" data-element_type=\"container\" data-e-type=\"container\">\n\t\t\t\t<div class=\"elementor-element elementor-element-7bfb0df elementor-widget__width-initial elementor-widget-divider--view-line elementor-widget elementor-widget-divider\" data-id=\"7bfb0df\" data-element_type=\"widget\" data-e-type=\"widget\" data-widget_type=\"divider.default\">\n\t\t\t\t\t\t\t<div class=\"elementor-divider\">\n\t\t\t<span class=\"elementor-divider-separator\">\n\t\t\t\t\t\t<\/span>\n\t\t<\/div>\n\t\t\t\t\t\t<\/div>\n\t\t\t\t<div class=\"elementor-element elementor-element-4ed02b1c elementor-widget elementor-widget-heading\" data-id=\"4ed02b1c\" data-element_type=\"widget\" data-e-type=\"widget\" data-widget_type=\"heading.default\">\n\t\t\t\t\t<h2 class=\"elementor-heading-title elementor-size-default\">\u6982\u8ff0<\/h2>\t\t\t\t<\/div>\n\t\t\t\t<div class=\"elementor-element elementor-element-28349ed7 elementor-widget elementor-widget-menu-anchor\" data-id=\"28349ed7\" data-element_type=\"widget\" data-e-type=\"widget\" data-widget_type=\"menu-anchor.default\">\n\t\t\t\t\t\t\t<div class=\"elementor-menu-anchor\" id=\"Descripcingeneral\"><\/div>\n\t\t\t\t\t\t<\/div>\n\t\t\t\t<\/div>\n\t\t\t\t<div class=\"elementor-element elementor-element-41a2308 elementor-widget elementor-widget-text-editor\" data-id=\"41a2308\" data-element_type=\"widget\" data-e-type=\"widget\" data-widget_type=\"text-editor.default\">\n\t\t\t\t\t\t\t\t\t<p><span lang=\"es-ES\">\u6211\u4eec\u4ee5\u591a\u5e74\u884c\u4e1a\u8ba4\u77e5\u548c\u9886\u57df\u7ecf\u9a8c\u4e3a\u60a8\u63d0\u4f9b\u5b89\u5168\u53ef\u9760\u53ca\u4e13\u4e1a\u7684\u8d27\u7269\u7269\u6d41\u901a\u5173\u670d\u52a1\uff0c \u65e0\u8bba\u662f\u5728\u897f\u73ed\u7259\u5168\u5883\u8fd8\u662f\u5728\u6211\u4eec\u904d\u5e03\u5168\u7403\u7684\u4ee3\u7406\u56fd\u5bb6<\/span><\/p><p><span lang=\"es-ES\">\u6839\u636e\u6307\u5b9a\u7684\u5177\u4f53\u8d27\u7269\uff0c\u6211\u4eec\u63d0\u4f9b\u59cb\u53d1\u5730\u53ca\u76ee\u7684\u5730\u7684\u6d77\u5173\u901a\u5173\u670d\u52a1<\/span><\/p>\t\t\t\t\t\t\t\t<\/div>\n\t\t<div class=\"elementor-element elementor-element-19b3666f e-con-full e-flex e-con e-child\" data-id=\"19b3666f\" data-element_type=\"container\" data-e-type=\"container\">\n\t\t\t\t<div class=\"elementor-element elementor-element-725b37bc elementor-widget__width-initial elementor-widget-divider--view-line elementor-widget elementor-widget-divider\" data-id=\"725b37bc\" data-element_type=\"widget\" data-e-type=\"widget\" data-widget_type=\"divider.default\">\n\t\t\t\t\t\t\t<div class=\"elementor-divider\">\n\t\t\t<span class=\"elementor-divider-separator\">\n\t\t\t\t\t\t<\/span>\n\t\t<\/div>\n\t\t\t\t\t\t<\/div>\n\t\t\t\t<div class=\"elementor-element elementor-element-4aa4537d elementor-widget elementor-widget-heading\" data-id=\"4aa4537d\" data-element_type=\"widget\" data-e-type=\"widget\" data-widget_type=\"heading.default\">\n\t\t\t\t\t<h2 class=\"elementor-heading-title elementor-size-default\">\u4e3b\u8981\u8d1f\u8d23\u8fdb\u51fa\u53e3\u6d77\u5173\u624b\u7eed\u529e\u7406<\/h2>\t\t\t\t<\/div>\n\t\t\t\t<div class=\"elementor-element elementor-element-750b6c86 elementor-widget elementor-widget-menu-anchor\" data-id=\"750b6c86\" data-element_type=\"widget\" data-e-type=\"widget\" data-widget_type=\"menu-anchor.default\">\n\t\t\t\t\t\t\t<div class=\"elementor-menu-anchor\" id=\"difference\"><\/div>\n\t\t\t\t\t\t<\/div>\n\t\t\t\t<\/div>\n\t\t\t\t<div class=\"elementor-element elementor-element-f83e8c8 elementor-widget elementor-widget-text-editor\" data-id=\"f83e8c8\" data-element_type=\"widget\" data-e-type=\"widget\" data-widget_type=\"text-editor.default\">\n\t\t\t\t\t\t\t\t\t<p>\u6d77\u5173,\u7ecf\u6d4e\u884c\u653f\u6cd5\u9662\u7684\u7533\u8bc9\u53ca\u76f8\u5173\u884c\u653f\u8bc9\u8bbc\u4e8b\u5b9c<\/p>\t\t\t\t\t\t\t\t<\/div>\n\t\t<div class=\"elementor-element elementor-element-51fad20 e-con-full e-flex e-con e-child\" data-id=\"51fad20\" data-element_type=\"container\" data-e-type=\"container\">\n\t\t\t\t<div class=\"elementor-element elementor-element-2ce9df0 elementor-widget__width-initial elementor-widget-divider--view-line elementor-widget elementor-widget-divider\" data-id=\"2ce9df0\" data-element_type=\"widget\" data-e-type=\"widget\" data-widget_type=\"divider.default\">\n\t\t\t\t\t\t\t<div class=\"elementor-divider\">\n\t\t\t<span class=\"elementor-divider-separator\">\n\t\t\t\t\t\t<\/span>\n\t\t<\/div>\n\t\t\t\t\t\t<\/div>\n\t\t\t\t<div class=\"elementor-element elementor-element-ba56fd8 elementor-widget elementor-widget-heading\" data-id=\"ba56fd8\" data-element_type=\"widget\" data-e-type=\"widget\" data-widget_type=\"heading.default\">\n\t\t\t\t\t<h2 class=\"elementor-heading-title elementor-size-default\">\u76f8\u5173\u673a\u6784\u7684\u9644\u52a0\u4e1a\u52a1<\/h2>\t\t\t\t<\/div>\n\t\t\t\t<div class=\"elementor-element elementor-element-4d9c61b elementor-widget elementor-widget-menu-anchor\" data-id=\"4d9c61b\" data-element_type=\"widget\" data-e-type=\"widget\" data-widget_type=\"menu-anchor.default\">\n\t\t\t\t\t\t\t<div class=\"elementor-menu-anchor\" id=\"difference\"><\/div>\n\t\t\t\t\t\t<\/div>\n\t\t\t\t<\/div>\n\t\t\t\t<div class=\"elementor-element elementor-element-f87728c elementor-widget elementor-widget-text-editor\" data-id=\"f87728c\" data-element_type=\"widget\" data-e-type=\"widget\" data-widget_type=\"text-editor.default\">\n\t\t\t\t\t\t\t\t\t<p>\u519c\u526f\u4ea7\u54c1\u7684\u8fdb\u53e3\u8d44\u683c\u8bc1\uff0c \u52a8\u7269\u68c0\u75ab\u8bc1\uff0c\u536b\u751f\u8bb8\u53ef\u7533\u8bf7\uff0c\u76f8\u5e94\u5173\u7a0e\u4fe1\u606f\u54a8\u8be2\u4ee5\u53ca\u9886\u4e8b\u9986\u5927\u4f7f\u9986\u7684\u516c\u8bc1\u7533\u8bf7\u7b49\u7b49<\/p>\t\t\t\t\t\t\t\t<\/div>\n\t\t<div class=\"elementor-element elementor-element-31c2139 e-con-full e-flex e-con e-child\" data-id=\"31c2139\" data-element_type=\"container\" data-e-type=\"container\">\n\t\t\t\t<div class=\"elementor-element elementor-element-b4a79e4 elementor-widget__width-initial elementor-widget-divider--view-line elementor-widget elementor-widget-divider\" data-id=\"b4a79e4\" data-element_type=\"widget\" data-e-type=\"widget\" data-widget_type=\"divider.default\">\n\t\t\t\t\t\t\t<div class=\"elementor-divider\">\n\t\t\t<span class=\"elementor-divider-separator\">\n\t\t\t\t\t\t<\/span>\n\t\t<\/div>\n\t\t\t\t\t\t<\/div>\n\t\t\t\t<div class=\"elementor-element elementor-element-963baa2 elementor-widget elementor-widget-heading\" data-id=\"963baa2\" data-element_type=\"widget\" data-e-type=\"widget\" data-widget_type=\"heading.default\">\n\t\t\t\t\t<h2 class=\"elementor-heading-title elementor-size-default\">\u5bf9\u5916\u8d38\u6613\u548c\u6d77\u5173\u901a\u5173\u4e8b\u52a1\u54a8\u8be2<\/h2>\t\t\t\t<\/div>\n\t\t\t\t<div class=\"elementor-element elementor-element-b958633 elementor-widget elementor-widget-menu-anchor\" data-id=\"b958633\" data-element_type=\"widget\" data-e-type=\"widget\" data-widget_type=\"menu-anchor.default\">\n\t\t\t\t\t\t\t<div class=\"elementor-menu-anchor\" id=\"difference\"><\/div>\n\t\t\t\t\t\t<\/div>\n\t\t\t\t<\/div>\n\t\t\t\t<div class=\"elementor-element elementor-element-a2f2eb3 elementor-align-left elementor-widget__width-inherit elementor-widget elementor-widget-button\" data-id=\"a2f2eb3\" data-element_type=\"widget\" data-e-type=\"widget\" data-widget_type=\"button.default\">\n\t\t\t\t\t\t\t\t\t\t<a class=\"elementor-button elementor-button-link elementor-size-sm\" href=\"\/ch\/%e8%af%b7%e6%b1%82%e6%8a%a5%e4%bb%b7\/\">\n\t\t\t\t\t\t<span class=\"elementor-button-content-wrapper\">\n\t\t\t\t\t\t\t\t\t<span class=\"elementor-button-text\">\u7533\u8bf7\u62a5\u4ef7<\/span>\n\t\t\t\t\t<\/span>\n\t\t\t\t\t<\/a>\n\t\t\t\t\t\t\t\t<\/div>\n\t\t\t\t<\/div>\n\t\t\t\t<\/div>\n\t\t\t\t\t<\/div>\n\t\t\t\t<\/div>\n\t\t<div class=\"elementor-element elementor-element-57c3db6a elementor-hidden-desktop elementor-hidden-tablet elementor-hidden-mobile e-flex e-con-boxed e-con e-parent\" data-id=\"57c3db6a\" data-element_type=\"container\" data-e-type=\"container\" data-settings=\"{&quot;background_background&quot;:&quot;gradient&quot;}\">\n\t\t\t\t\t<div class=\"e-con-inner\">\n\t\t<div class=\"elementor-element elementor-element-39c2a9d7 e-con-full e-flex e-con e-child\" data-id=\"39c2a9d7\" data-element_type=\"container\" data-e-type=\"container\">\n\t\t\t\t<div class=\"elementor-element elementor-element-75b9c19b elementor-widget__width-initial elementor-widget-divider--view-line elementor-widget elementor-widget-divider\" data-id=\"75b9c19b\" data-element_type=\"widget\" data-e-type=\"widget\" data-widget_type=\"divider.default\">\n\t\t\t\t\t\t\t<div class=\"elementor-divider\">\n\t\t\t<span class=\"elementor-divider-separator\">\n\t\t\t\t\t\t<\/span>\n\t\t<\/div>\n\t\t\t\t\t\t<\/div>\n\t\t\t\t<div class=\"elementor-element elementor-element-c93a5a elementor-widget elementor-widget-heading\" data-id=\"c93a5a\" data-element_type=\"widget\" data-e-type=\"widget\" data-widget_type=\"heading.default\">\n\t\t\t\t\t<h2 class=\"elementor-heading-title elementor-size-default\">Frequently Asked Questions<\/h2>\t\t\t\t<\/div>\n\t\t\t\t<div class=\"elementor-element elementor-element-3abe1425 elementor-widget elementor-widget-menu-anchor\" data-id=\"3abe1425\" data-element_type=\"widget\" data-e-type=\"widget\" data-widget_type=\"menu-anchor.default\">\n\t\t\t\t\t\t\t<div class=\"elementor-menu-anchor\" id=\"faq\"><\/div>\n\t\t\t\t\t\t<\/div>\n\t\t\t\t<\/div>\n\t\t<div class=\"elementor-element elementor-element-4d06100e e-con-full e-flex e-con e-child\" data-id=\"4d06100e\" data-element_type=\"container\" data-e-type=\"container\">\n\t\t\t\t<div class=\"elementor-element elementor-element-131dbab8 elementor-widget__width-initial elementor-widget elementor-widget-jkit_accordion\" data-id=\"131dbab8\" data-element_type=\"widget\" data-e-type=\"widget\" data-widget_type=\"jkit_accordion.default\">\n\t\t\t\t\t<div  class=\"jeg-elementor-kit jkit-accordion style-curve jeg_module___69f21a4a4b758\" ><div class=\"card-wrapper\">\n                <div class=\"card-header\">\n                    <a href=\"#expand-faa513c\" class=\"card-header-button\" aria-expanded=\"false\" data-target=\"#expand-faa513c\" aria-controls=\"expand-faa513c\">\n                        <span class=\"title\">What types of cargo can be transported via ocean freight?<\/span><div class=\"right-icon-group\">\n                <div class=\"normal-icon\"><i aria-hidden=\"true\" class=\"jki jki-plus-light\"><\/i><\/div>\n                <div class=\"active-icon\"><i aria-hidden=\"true\" class=\"jki jki-minus-light\"><\/i><\/div>\n            <\/div>\n                    <\/a>\n                <\/div>\n                <div class=\"card-expand\" id=\"expand-faa513c\" style=\"display:none\"><div class=\"card-body\"><p>Lorem ipsum dolor sit amet, consectetuer adipiscing elit. Aenean commodo ligula eget dolor. Aenean massa. Cum sociis natoque penatibus et magnis dis parturient montes, nascetur.<\/p><\/div><\/div>\n            <\/div><div class=\"card-wrapper\">\n                <div class=\"card-header\">\n                    <a href=\"#expand-dd39d56\" class=\"card-header-button\" aria-expanded=\"false\" data-target=\"#expand-dd39d56\" aria-controls=\"expand-dd39d56\">\n                        <span class=\"title\">How can I track my ocean freight shipment?<\/span><div class=\"right-icon-group\">\n                <div class=\"normal-icon\"><i aria-hidden=\"true\" class=\"jki jki-plus-light\"><\/i><\/div>\n                <div class=\"active-icon\"><i aria-hidden=\"true\" class=\"jki jki-minus-light\"><\/i><\/div>\n            <\/div>\n                    <\/a>\n                <\/div>\n                <div class=\"card-expand\" id=\"expand-dd39d56\" style=\"display:none\"><div class=\"card-body\"><p>Lorem ipsum dolor sit amet, consectetuer adipiscing elit. Aenean commodo ligula eget dolor. Aenean massa. Cum sociis natoque penatibus et magnis dis parturient montes, nascetur.<\/p><\/div><\/div>\n            <\/div><div class=\"card-wrapper\">\n                <div class=\"card-header\">\n                    <a href=\"#expand-5f47465\" class=\"card-header-button\" aria-expanded=\"false\" data-target=\"#expand-5f47465\" aria-controls=\"expand-5f47465\">\n                        <span class=\"title\">What types of containers are available for ocean freight shipments?<\/span><div class=\"right-icon-group\">\n                <div class=\"normal-icon\"><i aria-hidden=\"true\" class=\"jki jki-plus-light\"><\/i><\/div>\n                <div class=\"active-icon\"><i aria-hidden=\"true\" class=\"jki jki-minus-light\"><\/i><\/div>\n            <\/div>\n                    <\/a>\n                <\/div>\n                <div class=\"card-expand\" id=\"expand-5f47465\" style=\"display:none\"><div class=\"card-body\"><p>Lorem ipsum dolor sit amet, consectetuer adipiscing elit. Aenean commodo ligula eget dolor. Aenean massa. Cum sociis natoque penatibus et magnis dis parturient montes, nascetur.<\/p><\/div><\/div>\n            <\/div><div class=\"card-wrapper\">\n                <div class=\"card-header\">\n                    <a href=\"#expand-5c370fb\" class=\"card-header-button\" aria-expanded=\"false\" data-target=\"#expand-5c370fb\" aria-controls=\"expand-5c370fb\">\n                        <span class=\"title\">What documentation is required for ocean freight shipments?<\/span><div class=\"right-icon-group\">\n                <div class=\"normal-icon\"><i aria-hidden=\"true\" class=\"jki jki-plus-light\"><\/i><\/div>\n                <div class=\"active-icon\"><i aria-hidden=\"true\" class=\"jki jki-minus-light\"><\/i><\/div>\n            <\/div>\n                    <\/a>\n                <\/div>\n                <div class=\"card-expand\" id=\"expand-5c370fb\" style=\"display:none\"><div class=\"card-body\"><p>Lorem ipsum dolor sit amet, consectetuer adipiscing elit. Aenean commodo ligula eget dolor. Aenean massa. Cum sociis natoque penatibus et magnis dis parturient montes, nascetur.<\/p><\/div><\/div>\n            <\/div><div class=\"card-wrapper\">\n                <div class=\"card-header\">\n                    <a href=\"#expand-54c0e6a\" class=\"card-header-button\" aria-expanded=\"false\" data-target=\"#expand-54c0e6a\" aria-controls=\"expand-54c0e6a\">\n                        <span class=\"title\">How do you handle customs clearance for ocean freight shipments?<\/span><div class=\"right-icon-group\">\n                <div class=\"normal-icon\"><i aria-hidden=\"true\" class=\"jki jki-plus-light\"><\/i><\/div>\n                <div class=\"active-icon\"><i aria-hidden=\"true\" class=\"jki jki-minus-light\"><\/i><\/div>\n            <\/div>\n                    <\/a>\n                <\/div>\n                <div class=\"card-expand\" id=\"expand-54c0e6a\" style=\"display:none\"><div class=\"card-body\"><p>Lorem ipsum dolor sit amet, consectetuer adipiscing elit. Aenean commodo ligula eget dolor. Aenean massa. Cum sociis natoque penatibus et magnis dis parturient montes, nascetur.<\/p><\/div><\/div>\n            <\/div><div class=\"card-wrapper\">\n                <div class=\"card-header\">\n                    <a href=\"#expand-aef42af\" class=\"card-header-button\" aria-expanded=\"false\" data-target=\"#expand-aef42af\" aria-controls=\"expand-aef42af\">\n                        <span class=\"title\">How is the cost of ocean freight determined?<\/span><div class=\"right-icon-group\">\n                <div class=\"normal-icon\"><i aria-hidden=\"true\" class=\"jki jki-plus-light\"><\/i><\/div>\n                <div class=\"active-icon\"><i aria-hidden=\"true\" class=\"jki jki-minus-light\"><\/i><\/div>\n            <\/div>\n                    <\/a>\n                <\/div>\n                <div class=\"card-expand\" id=\"expand-aef42af\" style=\"display:none\"><div class=\"card-body\"><p>Lorem ipsum dolor sit amet, consectetuer adipiscing elit. Aenean commodo ligula eget dolor. Aenean massa. Cum sociis natoque penatibus et magnis dis parturient montes, nascetur.<\/p><\/div><\/div>\n            <\/div><\/div>\t\t\t\t<\/div>\n\t\t\t\t<\/div>\n\t\t\t\t\t<\/div>\n\t\t\t\t<\/div>\n\t\t\t\t<\/div>","protected":false},"excerpt":{"rendered":"<p>inicio Servicios Garantizar una gesti\u00f3n r\u00e1pida del producto a despacho Descripci\u00f3n general Ponemos a su disposici\u00f3n los conocimientos y experiencia en el sector para gestionar todos los tr\u00e1mites aduaneros con seguridad, confidencialidad y profesionalidad, tanto en las principales aduanas del pa\u00eds como en cualquier pa\u00eds de la mano de nuestros agentes. No importa el producto [&hellip;]<\/p>","protected":false},"author":1,"featured_media":0,"parent":0,"menu_order":0,"comment_status":"closed","ping_status":"closed","template":"elementor_header_footer","meta":{"footnotes":""},"class_list":["post-263","page","type-page","status-publish","hentry"],"yoast_head":"<!-- This site is optimized with the Yoast SEO plugin v27.5 - https:\/\/yoast.com\/product\/yoast-seo-wordpress\/ -->\n<title>Duamar - Tr\u00e1nsitos y Aduanas<\/title>\n<meta name=\"robots\" content=\"index, follow, max-snippet:-1, max-image-preview:large, max-video-preview:-1\" \/>\n<link rel=\"canonical\" href=\"https:\/\/duamar.es\/ch\/\u901a\u5173\u670d\u52a1\/\" \/>\n<meta property=\"og:locale\" content=\"zh_CN\" \/>\n<meta property=\"og:type\" content=\"article\" \/>\n<meta property=\"og:title\" content=\"Duamar - Tr\u00e1nsitos y Aduanas\" \/>\n<meta property=\"og:description\" content=\"inicio Servicios Garantizar una gesti\u00f3n r\u00e1pida del producto a despacho Descripci\u00f3n general Ponemos a su disposici\u00f3n los conocimientos y experiencia en el sector para gestionar todos los tr\u00e1mites aduaneros con seguridad, confidencialidad y profesionalidad, tanto en las principales aduanas del pa\u00eds como en cualquier pa\u00eds de la mano de nuestros agentes. No importa el producto [&hellip;]\" \/>\n<meta property=\"og:url\" content=\"https:\/\/duamar.es\/ch\/\u901a\u5173\u670d\u52a1\/\" \/>\n<meta property=\"og:site_name\" content=\"Duamar - Tr\u00e1nsitos y Aduanas\" \/>\n<meta property=\"article:modified_time\" content=\"2026-04-07T10:40:05+00:00\" \/>\n<meta name=\"twitter:card\" content=\"summary_large_image\" \/>\n<meta name=\"twitter:label1\" content=\"\u9884\u8ba1\u9605\u8bfb\u65f6\u95f4\" \/>\n\t<meta name=\"twitter:data1\" content=\"2 \u5206\" \/>\n<script type=\"application\/ld+json\" class=\"yoast-schema-graph\">{\"@context\":\"https:\\\/\\\/schema.org\",\"@graph\":[{\"@type\":\"WebPage\",\"@id\":\"https:\\\/\\\/duamar.es\\\/servicio-aduanero\\\/\",\"url\":\"https:\\\/\\\/duamar.es\\\/servicio-aduanero\\\/\",\"name\":\"Duamar - Tr\u00e1nsitos y Aduanas\",\"isPartOf\":{\"@id\":\"https:\\\/\\\/duamar.es\\\/#website\"},\"datePublished\":\"2025-08-04T09:57:00+00:00\",\"dateModified\":\"2026-04-07T10:40:05+00:00\",\"breadcrumb\":{\"@id\":\"https:\\\/\\\/duamar.es\\\/servicio-aduanero\\\/#breadcrumb\"},\"inLanguage\":\"zh-Hans\",\"potentialAction\":[{\"@type\":\"ReadAction\",\"target\":[\"https:\\\/\\\/duamar.es\\\/servicio-aduanero\\\/\"]}]},{\"@type\":\"BreadcrumbList\",\"@id\":\"https:\\\/\\\/duamar.es\\\/servicio-aduanero\\\/#breadcrumb\",\"itemListElement\":[{\"@type\":\"ListItem\",\"position\":1,\"name\":\"Home\",\"item\":\"https:\\\/\\\/duamar.es\\\/\"},{\"@type\":\"ListItem\",\"position\":2,\"name\":\"Servicio Aduanero\"}]},{\"@type\":\"WebSite\",\"@id\":\"https:\\\/\\\/duamar.es\\\/#website\",\"url\":\"https:\\\/\\\/duamar.es\\\/\",\"name\":\"Duamar - Tr\u00e1nsitos y Aduanas\",\"description\":\"\",\"potentialAction\":[{\"@type\":\"SearchAction\",\"target\":{\"@type\":\"EntryPoint\",\"urlTemplate\":\"https:\\\/\\\/duamar.es\\\/?s={search_term_string}\"},\"query-input\":{\"@type\":\"PropertyValueSpecification\",\"valueRequired\":true,\"valueName\":\"search_term_string\"}}],\"inLanguage\":\"zh-Hans\"}]}<\/script>\n<!-- \/ Yoast SEO plugin. -->","yoast_head_json":{"title":"Duamar - Tr\u00e1nsitos y Aduanas","robots":{"index":"index","follow":"follow","max-snippet":"max-snippet:-1","max-image-preview":"max-image-preview:large","max-video-preview":"max-video-preview:-1"},"canonical":"https:\/\/duamar.es\/ch\/\u901a\u5173\u670d\u52a1\/","og_locale":"zh_CN","og_type":"article","og_title":"Duamar - Tr\u00e1nsitos y Aduanas","og_description":"inicio Servicios Garantizar una gesti\u00f3n r\u00e1pida del producto a despacho Descripci\u00f3n general Ponemos a su disposici\u00f3n los conocimientos y experiencia en el sector para gestionar todos los tr\u00e1mites aduaneros con seguridad, confidencialidad y profesionalidad, tanto en las principales aduanas del pa\u00eds como en cualquier pa\u00eds de la mano de nuestros agentes. No importa el producto [&hellip;]","og_url":"https:\/\/duamar.es\/ch\/\u901a\u5173\u670d\u52a1\/","og_site_name":"Duamar - Tr\u00e1nsitos y Aduanas","article_modified_time":"2026-04-07T10:40:05+00:00","twitter_card":"summary_large_image","twitter_misc":{"\u9884\u8ba1\u9605\u8bfb\u65f6\u95f4":"2 \u5206"},"schema":{"@context":"https:\/\/schema.org","@graph":[{"@type":"WebPage","@id":"https:\/\/duamar.es\/servicio-aduanero\/","url":"https:\/\/duamar.es\/servicio-aduanero\/","name":"Duamar - Tr\u00e1nsitos y Aduanas","isPartOf":{"@id":"https:\/\/duamar.es\/#website"},"datePublished":"2025-08-04T09:57:00+00:00","dateModified":"2026-04-07T10:40:05+00:00","breadcrumb":{"@id":"https:\/\/duamar.es\/servicio-aduanero\/#breadcrumb"},"inLanguage":"zh-Hans","potentialAction":[{"@type":"ReadAction","target":["https:\/\/duamar.es\/servicio-aduanero\/"]}]},{"@type":"BreadcrumbList","@id":"https:\/\/duamar.es\/servicio-aduanero\/#breadcrumb","itemListElement":[{"@type":"ListItem","position":1,"name":"Home","item":"https:\/\/duamar.es\/"},{"@type":"ListItem","position":2,"name":"Servicio Aduanero"}]},{"@type":"WebSite","@id":"https:\/\/duamar.es\/#website","url":"https:\/\/duamar.es\/","name":"Duamar - Tr\u00e1nsitos y Aduanas","description":"","potentialAction":[{"@type":"SearchAction","target":{"@type":"EntryPoint","urlTemplate":"https:\/\/duamar.es\/?s={search_term_string}"},"query-input":{"@type":"PropertyValueSpecification","valueRequired":true,"valueName":"search_term_string"}}],"inLanguage":"zh-Hans"}]}},"_links":{"self":[{"href":"https:\/\/duamar.es\/ch\/wp-json\/wp\/v2\/pages\/263","targetHints":{"allow":["GET"]}}],"collection":[{"href":"https:\/\/duamar.es\/ch\/wp-json\/wp\/v2\/pages"}],"about":[{"href":"https:\/\/duamar.es\/ch\/wp-json\/wp\/v2\/types\/page"}],"author":[{"embeddable":true,"href":"https:\/\/duamar.es\/ch\/wp-json\/wp\/v2\/users\/1"}],"replies":[{"embeddable":true,"href":"https:\/\/duamar.es\/ch\/wp-json\/wp\/v2\/comments?post=263"}],"version-history":[{"count":22,"href":"https:\/\/duamar.es\/ch\/wp-json\/wp\/v2\/pages\/263\/revisions"}],"predecessor-version":[{"id":1000,"href":"https:\/\/duamar.es\/ch\/wp-json\/wp\/v2\/pages\/263\/revisions\/1000"}],"wp:attachment":[{"href":"https:\/\/duamar.es\/ch\/wp-json\/wp\/v2\/media?parent=263"}],"curies":[{"name":"wp","href":"https:\/\/api.w.org\/{rel}","templated":true}]}}