{"id":1022,"date":"2026-04-07T14:07:07","date_gmt":"2026-04-07T12:07:07","guid":{"rendered":"https:\/\/duamar.es\/?page_id=1022"},"modified":"2026-04-07T15:23:11","modified_gmt":"2026-04-07T13:23:11","slug":"%e7%9b%b8%e5%85%b3%e9%93%be%e6%8e%a5","status":"publish","type":"page","link":"https:\/\/duamar.es\/ch\/%e7%9b%b8%e5%85%b3%e9%93%be%e6%8e%a5\/","title":{"rendered":"\u76f8\u5173\u94fe\u63a5"},"content":{"rendered":"<div data-elementor-type=\"wp-page\" data-elementor-id=\"1022\" class=\"elementor elementor-1022\" data-elementor-post-type=\"page\">\n\t\t\t\t<div class=\"elementor-element elementor-element-331a4721 e-flex e-con-boxed e-con e-parent\" data-id=\"331a4721\" data-element_type=\"container\" data-e-type=\"container\" data-settings=\"{&quot;background_background&quot;:&quot;classic&quot;}\">\n\t\t\t\t\t<div class=\"e-con-inner\">\n\t\t<div class=\"elementor-element elementor-element-546ada5a e-con-full e-flex e-con e-child\" data-id=\"546ada5a\" data-element_type=\"container\" data-e-type=\"container\">\n\t\t\t\t<div class=\"elementor-element elementor-element-1b40e0 elementor-icon-list--layout-inline elementor-align-start animated-fast elementor-list-item-link-full_width elementor-invisible elementor-widget elementor-widget-icon-list\" data-id=\"1b40e0\" data-element_type=\"widget\" data-e-type=\"widget\" data-settings=\"{&quot;_animation&quot;:&quot;slideInUp&quot;,&quot;_animation_delay&quot;:100}\" data-widget_type=\"icon-list.default\">\n\t\t\t\t\t\t\t<ul class=\"elementor-icon-list-items elementor-inline-items\">\n\t\t\t\t\t\t\t<li class=\"elementor-icon-list-item elementor-inline-item\">\n\t\t\t\t\t\t\t\t\t\t\t<a href=\"https:\/\/duamar.es\/ch\">\n\n\t\t\t\t\t\t\t\t\t\t\t<span class=\"elementor-icon-list-text\"> \u9996\u9875<\/span>\n\t\t\t\t\t\t\t\t\t\t\t<\/a>\n\t\t\t\t\t\t\t\t\t<\/li>\n\t\t\t\t\t\t\t\t<li class=\"elementor-icon-list-item elementor-inline-item\">\n\t\t\t\t\t\t\t\t\t\t\t<a href=\"#\">\n\n\t\t\t\t\t\t\t\t\t\t\t<span class=\"elementor-icon-list-text\">\u76f8\u5173\u94fe\u63a5<\/span>\n\t\t\t\t\t\t\t\t\t\t\t<\/a>\n\t\t\t\t\t\t\t\t\t<\/li>\n\t\t\t\t\t\t<\/ul>\n\t\t\t\t\t\t<\/div>\n\t\t\t\t<div class=\"elementor-element elementor-element-1f9d487e elementor-widget__width-initial animated-fast elementor-invisible elementor-widget elementor-widget-heading\" data-id=\"1f9d487e\" data-element_type=\"widget\" data-e-type=\"widget\" data-settings=\"{&quot;_animation&quot;:&quot;slideInUp&quot;,&quot;_animation_delay&quot;:150}\" data-widget_type=\"heading.default\">\n\t\t\t\t\t<h2 class=\"elementor-heading-title elementor-size-default\">\u76f8\u5173\u94fe\u63a5<\/h2>\t\t\t\t<\/div>\n\t\t\t\t<\/div>\n\t\t\t\t\t<\/div>\n\t\t\t\t<\/div>\n\t\t<div class=\"elementor-element elementor-element-205e7f8 e-flex e-con-boxed e-con e-parent\" data-id=\"205e7f8\" data-element_type=\"container\" data-e-type=\"container\">\n\t\t\t\t\t<div class=\"e-con-inner\">\n\t\t<div class=\"elementor-element elementor-element-7c49d9c e-flex e-con-boxed e-con e-child\" data-id=\"7c49d9c\" data-element_type=\"container\" data-e-type=\"container\">\n\t\t\t\t\t<div class=\"e-con-inner\">\n\t\t<div class=\"elementor-element elementor-element-aeb1316 e-con-full e-flex elementor-invisible e-con e-child\" data-id=\"aeb1316\" data-element_type=\"container\" data-e-type=\"container\" data-settings=\"{&quot;background_background&quot;:&quot;classic&quot;,&quot;animation&quot;:&quot;fadeIn&quot;}\">\n\t\t<div class=\"elementor-element elementor-element-53c53fc e-flex e-con-boxed e-con e-child\" data-id=\"53c53fc\" data-element_type=\"container\" data-e-type=\"container\">\n\t\t\t\t\t<div class=\"e-con-inner\">\n\t\t<div class=\"elementor-element elementor-element-6f4f059 e-con-full e-flex e-con e-child\" data-id=\"6f4f059\" data-element_type=\"container\" data-e-type=\"container\">\n\t\t<div class=\"elementor-element elementor-element-fd0dd03 e-con-full e-flex e-con e-child\" data-id=\"fd0dd03\" data-element_type=\"container\" data-e-type=\"container\">\n\t\t\t\t<div class=\"elementor-element elementor-element-a5d8fdd elementor-widget elementor-widget-heading\" data-id=\"a5d8fdd\" data-element_type=\"widget\" data-e-type=\"widget\" data-widget_type=\"heading.default\">\n\t\t\t\t\t<h2 class=\"elementor-heading-title elementor-size-default\">\u5174\u8da3\u94fe\u63a5<\/h2>\t\t\t\t<\/div>\n\t\t\t\t<div class=\"elementor-element elementor-element-4980353 elementor-widget elementor-widget-text-editor\" data-id=\"4980353\" data-element_type=\"widget\" data-e-type=\"widget\" data-widget_type=\"text-editor.default\">\n\t\t\t\t\t\t\t\t\t<ul><li><a href=\"https:\/\/www.portdebarcelona.cat\/\" target=\"_blank\" rel=\"noopener\">Autoridad Portuaria de Barcelona<\/a><\/li><li style=\"margin-bottom: 8px;\"><a href=\"https:\/\/www.marinetraffic.com\/\" target=\"_blank\" rel=\"noopener\">Localizador Buque<\/a><\/li><li style=\"margin-bottom: 8px;\"><a href=\"https:\/\/www.mapa.gob.es\/\" target=\"_blank\" rel=\"noopener\">Ministerio de Agricultura, Pesca, Alimentaci\u00f3n y Medio Ambiente<\/a><\/li><li style=\"margin-bottom: 8px;\"><a href=\"https:\/\/www.agenciatributaria.es\/\" target=\"_blank\" rel=\"noopener\">Agencia Tributaria<\/a><\/li><li style=\"margin-bottom: 8px;\"><a href=\"https:\/\/www.icex.es\/\" target=\"_blank\" rel=\"noopener\">Diccionario de Comercio Exterior<\/a><\/li><li style=\"margin-bottom: 8px;\"><a href=\"https:\/\/www.porttarragona.cat\/\" target=\"_blank\" rel=\"noopener\">Autoridad Portuaria de Tarragona<\/a><\/li><li style=\"margin-bottom: 8px;\"><a href=\"https:\/\/www.skyscanner.es\/\" target=\"_blank\" rel=\"noopener\">Buscador de Vuelos<\/a><\/li><li style=\"margin-bottom: 8px;\"><a href=\"https:\/\/www.sanidad.gob.es\/\" target=\"_blank\" rel=\"noopener\">Ministerio de Sanidad, Servicios Sociales e Igualdad<\/a><\/li><li style=\"margin-bottom: 8px;\"><a href=\"https:\/\/www.camara.es\/\" target=\"_blank\" rel=\"noopener\">C\u00e1mara de Comercio<\/a><\/li><li style=\"margin-bottom: 8px;\"><a href=\"https:\/\/www.pactomundial.org\/\" target=\"_blank\" rel=\"noopener\">Pacto Mundial<\/a><\/li><li style=\"margin-bottom: 8px;\"><a href=\"https:\/\/www.puertos.es\/\" target=\"_blank\" rel=\"noopener\">Puertos del Estado<\/a><\/li><li style=\"margin-bottom: 8px;\"><a href=\"https:\/\/europa.eu\/\" target=\"_blank\" rel=\"noopener\">El portal de la Uni\u00f3n Europea<\/a><\/li><li style=\"margin-bottom: 8px;\"><a href=\"https:\/\/www.icex.es\/\" target=\"_blank\" rel=\"noopener\">ICEX<\/a><\/li><li style=\"margin-bottom: 8px;\"><a href=\"https:\/\/www.casaasia.es\/\" target=\"_blank\" rel=\"noopener\">Casa Asia<\/a><\/li><\/ul>\t\t\t\t\t\t\t\t<\/div>\n\t\t\t\t<div class=\"elementor-element elementor-element-c319343 elementor-widget elementor-widget-spacer\" data-id=\"c319343\" data-element_type=\"widget\" data-e-type=\"widget\" data-widget_type=\"spacer.default\">\n\t\t\t\t\t\t\t<div class=\"elementor-spacer\">\n\t\t\t<div class=\"elementor-spacer-inner\"><\/div>\n\t\t<\/div>\n\t\t\t\t\t\t<\/div>\n\t\t\t\t<div class=\"elementor-element elementor-element-f2c7913 elementor-widget elementor-widget-heading\" data-id=\"f2c7913\" data-element_type=\"widget\" data-e-type=\"widget\" data-widget_type=\"heading.default\">\n\t\t\t\t\t<h2 class=\"elementor-heading-title elementor-size-default\">\u56fd\u8d38\u6761\u89c4<\/h2>\t\t\t\t<\/div>\n\t\t\t\t<div class=\"elementor-element elementor-element-dfab88a elementor-widget elementor-widget-text-editor\" data-id=\"dfab88a\" data-element_type=\"widget\" data-e-type=\"widget\" data-widget_type=\"text-editor.default\">\n\t\t\t\t\t\t\t\t\t<ul><li style=\"margin-bottom: 8px;\"><a href=\"https:\/\/www.bancsabadell.com\/\" target=\"_blank\" rel=\"noopener\">Incoterms 2010 Banc Sabadell<\/a><\/li><li style=\"margin-bottom: 8px;\"><a href=\"https:\/\/www.bancosantander.es\/\" target=\"_blank\" rel=\"noopener\">Incoterms 2010 Santander<\/a><\/li><\/ul>\t\t\t\t\t\t\t\t<\/div>\n\t\t\t\t<div class=\"elementor-element elementor-element-f523713 elementor-widget elementor-widget-spacer\" data-id=\"f523713\" data-element_type=\"widget\" data-e-type=\"widget\" data-widget_type=\"spacer.default\">\n\t\t\t\t\t\t\t<div class=\"elementor-spacer\">\n\t\t\t<div class=\"elementor-spacer-inner\"><\/div>\n\t\t<\/div>\n\t\t\t\t\t\t<\/div>\n\t\t\t\t<div class=\"elementor-element elementor-element-e252d4e elementor-widget elementor-widget-heading\" data-id=\"e252d4e\" data-element_type=\"widget\" data-e-type=\"widget\" data-widget_type=\"heading.default\">\n\t\t\t\t\t<h2 class=\"elementor-heading-title elementor-size-default\">\u96c6\u88c5\u7bb1\u53c2\u6570\u00a0<\/h2>\t\t\t\t<\/div>\n\t\t\t\t<div class=\"elementor-element elementor-element-e999c1e elementor-widget elementor-widget-text-editor\" data-id=\"e999c1e\" data-element_type=\"widget\" data-e-type=\"widget\" data-widget_type=\"text-editor.default\">\n\t\t\t\t\t\t\t\t\t<ul><li><a href=\"https:\/\/www.searates.com\/es\/reference\/container\/\" target=\"_blank\" rel=\"noopener\">\u6d77\u8fd0\u96c6\u88c5\u7bb1\u53c2\u6570<\/a><\/li><li><a href=\"https:\/\/www.iata.org\/en\/programs\/cargo\/\" target=\"_blank\" rel=\"noopener\">\u822a\u7a7a\u96c6\u88c5\u7bb1\u53c2\u6570<\/a><\/li><\/ul>\t\t\t\t\t\t\t\t<\/div>\n\t\t\t\t<\/div>\n\t\t\t\t<\/div>\n\t\t\t\t\t<\/div>\n\t\t\t\t<\/div>\n\t\t\t\t<\/div>\n\t\t\t\t\t<\/div>\n\t\t\t\t<\/div>\n\t\t\t\t\t<\/div>\n\t\t\t\t<\/div>\n\t\t\t\t<\/div>","protected":false},"excerpt":{"rendered":"<p>Inicio Utilidades Utilidades LINKS DE INTER\u00c9S Autoridad Portuaria de Barcelona Localizador Buque Ministerio de Agricultura, Pesca, Alimentaci\u00f3n y Medio Ambiente Agencia Tributaria Diccionario de Comercio Exterior Autoridad Portuaria de Tarragona Buscador de Vuelos Ministerio de Sanidad, Servicios Sociales e Igualdad C\u00e1mara de Comercio Pacto Mundial Puertos del Estado El portal de la Uni\u00f3n Europea ICEX [&hellip;]<\/p>","protected":false},"author":1,"featured_media":0,"parent":0,"menu_order":0,"comment_status":"closed","ping_status":"closed","template":"elementor_header_footer","meta":{"footnotes":""},"class_list":["post-1022","page","type-page","status-publish","hentry"],"yoast_head":"<!-- This site is optimized with the Yoast SEO plugin v27.5 - https:\/\/yoast.com\/product\/yoast-seo-wordpress\/ -->\n<title>Duamar - Tr\u00e1nsitos y Aduanas<\/title>\n<meta name=\"robots\" content=\"index, follow, max-snippet:-1, max-image-preview:large, max-video-preview:-1\" \/>\n<link rel=\"canonical\" href=\"https:\/\/duamar.es\/ch\/\u76f8\u5173\u94fe\u63a5\/\" \/>\n<meta property=\"og:locale\" content=\"zh_CN\" \/>\n<meta property=\"og:type\" content=\"article\" \/>\n<meta property=\"og:title\" content=\"Duamar - Tr\u00e1nsitos y Aduanas\" \/>\n<meta property=\"og:description\" content=\"Inicio Utilidades Utilidades LINKS DE INTER\u00c9S Autoridad Portuaria de Barcelona Localizador Buque Ministerio de Agricultura, Pesca, Alimentaci\u00f3n y Medio Ambiente Agencia Tributaria Diccionario de Comercio Exterior Autoridad Portuaria de Tarragona Buscador de Vuelos Ministerio de Sanidad, Servicios Sociales e Igualdad C\u00e1mara de Comercio Pacto Mundial Puertos del Estado El portal de la Uni\u00f3n Europea ICEX [&hellip;]\" \/>\n<meta property=\"og:url\" content=\"https:\/\/duamar.es\/ch\/\u76f8\u5173\u94fe\u63a5\/\" \/>\n<meta property=\"og:site_name\" content=\"Duamar - Tr\u00e1nsitos y Aduanas\" \/>\n<meta property=\"article:modified_time\" content=\"2026-04-07T13:23:11+00:00\" \/>\n<meta name=\"twitter:card\" content=\"summary_large_image\" \/>\n<meta name=\"twitter:label1\" content=\"\u9884\u8ba1\u9605\u8bfb\u65f6\u95f4\" \/>\n\t<meta name=\"twitter:data1\" content=\"1 \u5206\" \/>\n<script type=\"application\/ld+json\" class=\"yoast-schema-graph\">{\"@context\":\"https:\\\/\\\/schema.org\",\"@graph\":[{\"@type\":\"WebPage\",\"@id\":\"https:\\\/\\\/duamar.es\\\/utilidades\\\/\",\"url\":\"https:\\\/\\\/duamar.es\\\/utilidades\\\/\",\"name\":\"Duamar - Tr\u00e1nsitos y Aduanas\",\"isPartOf\":{\"@id\":\"https:\\\/\\\/duamar.es\\\/#website\"},\"datePublished\":\"2026-04-07T12:07:07+00:00\",\"dateModified\":\"2026-04-07T13:23:11+00:00\",\"breadcrumb\":{\"@id\":\"https:\\\/\\\/duamar.es\\\/utilidades\\\/#breadcrumb\"},\"inLanguage\":\"zh-Hans\",\"potentialAction\":[{\"@type\":\"ReadAction\",\"target\":[\"https:\\\/\\\/duamar.es\\\/utilidades\\\/\"]}]},{\"@type\":\"BreadcrumbList\",\"@id\":\"https:\\\/\\\/duamar.es\\\/utilidades\\\/#breadcrumb\",\"itemListElement\":[{\"@type\":\"ListItem\",\"position\":1,\"name\":\"Home\",\"item\":\"https:\\\/\\\/duamar.es\\\/\"},{\"@type\":\"ListItem\",\"position\":2,\"name\":\"Utilidades\"}]},{\"@type\":\"WebSite\",\"@id\":\"https:\\\/\\\/duamar.es\\\/#website\",\"url\":\"https:\\\/\\\/duamar.es\\\/\",\"name\":\"Duamar - Tr\u00e1nsitos y Aduanas\",\"description\":\"\",\"potentialAction\":[{\"@type\":\"SearchAction\",\"target\":{\"@type\":\"EntryPoint\",\"urlTemplate\":\"https:\\\/\\\/duamar.es\\\/?s={search_term_string}\"},\"query-input\":{\"@type\":\"PropertyValueSpecification\",\"valueRequired\":true,\"valueName\":\"search_term_string\"}}],\"inLanguage\":\"zh-Hans\"}]}<\/script>\n<!-- \/ Yoast SEO plugin. -->","yoast_head_json":{"title":"Duamar - Tr\u00e1nsitos y Aduanas","robots":{"index":"index","follow":"follow","max-snippet":"max-snippet:-1","max-image-preview":"max-image-preview:large","max-video-preview":"max-video-preview:-1"},"canonical":"https:\/\/duamar.es\/ch\/\u76f8\u5173\u94fe\u63a5\/","og_locale":"zh_CN","og_type":"article","og_title":"Duamar - Tr\u00e1nsitos y Aduanas","og_description":"Inicio Utilidades Utilidades LINKS DE INTER\u00c9S Autoridad Portuaria de Barcelona Localizador Buque Ministerio de Agricultura, Pesca, Alimentaci\u00f3n y Medio Ambiente Agencia Tributaria Diccionario de Comercio Exterior Autoridad Portuaria de Tarragona Buscador de Vuelos Ministerio de Sanidad, Servicios Sociales e Igualdad C\u00e1mara de Comercio Pacto Mundial Puertos del Estado El portal de la Uni\u00f3n Europea ICEX [&hellip;]","og_url":"https:\/\/duamar.es\/ch\/\u76f8\u5173\u94fe\u63a5\/","og_site_name":"Duamar - Tr\u00e1nsitos y Aduanas","article_modified_time":"2026-04-07T13:23:11+00:00","twitter_card":"summary_large_image","twitter_misc":{"\u9884\u8ba1\u9605\u8bfb\u65f6\u95f4":"1 \u5206"},"schema":{"@context":"https:\/\/schema.org","@graph":[{"@type":"WebPage","@id":"https:\/\/duamar.es\/utilidades\/","url":"https:\/\/duamar.es\/utilidades\/","name":"Duamar - Tr\u00e1nsitos y Aduanas","isPartOf":{"@id":"https:\/\/duamar.es\/#website"},"datePublished":"2026-04-07T12:07:07+00:00","dateModified":"2026-04-07T13:23:11+00:00","breadcrumb":{"@id":"https:\/\/duamar.es\/utilidades\/#breadcrumb"},"inLanguage":"zh-Hans","potentialAction":[{"@type":"ReadAction","target":["https:\/\/duamar.es\/utilidades\/"]}]},{"@type":"BreadcrumbList","@id":"https:\/\/duamar.es\/utilidades\/#breadcrumb","itemListElement":[{"@type":"ListItem","position":1,"name":"Home","item":"https:\/\/duamar.es\/"},{"@type":"ListItem","position":2,"name":"Utilidades"}]},{"@type":"WebSite","@id":"https:\/\/duamar.es\/#website","url":"https:\/\/duamar.es\/","name":"Duamar - Tr\u00e1nsitos y Aduanas","description":"","potentialAction":[{"@type":"SearchAction","target":{"@type":"EntryPoint","urlTemplate":"https:\/\/duamar.es\/?s={search_term_string}"},"query-input":{"@type":"PropertyValueSpecification","valueRequired":true,"valueName":"search_term_string"}}],"inLanguage":"zh-Hans"}]}},"_links":{"self":[{"href":"https:\/\/duamar.es\/ch\/wp-json\/wp\/v2\/pages\/1022","targetHints":{"allow":["GET"]}}],"collection":[{"href":"https:\/\/duamar.es\/ch\/wp-json\/wp\/v2\/pages"}],"about":[{"href":"https:\/\/duamar.es\/ch\/wp-json\/wp\/v2\/types\/page"}],"author":[{"embeddable":true,"href":"https:\/\/duamar.es\/ch\/wp-json\/wp\/v2\/users\/1"}],"replies":[{"embeddable":true,"href":"https:\/\/duamar.es\/ch\/wp-json\/wp\/v2\/comments?post=1022"}],"version-history":[{"count":10,"href":"https:\/\/duamar.es\/ch\/wp-json\/wp\/v2\/pages\/1022\/revisions"}],"predecessor-version":[{"id":1053,"href":"https:\/\/duamar.es\/ch\/wp-json\/wp\/v2\/pages\/1022\/revisions\/1053"}],"wp:attachment":[{"href":"https:\/\/duamar.es\/ch\/wp-json\/wp\/v2\/media?parent=1022"}],"curies":[{"name":"wp","href":"https:\/\/api.w.org\/{rel}","templated":true}]}}