{"id":420,"date":"2025-08-06T10:06:54","date_gmt":"2025-08-06T08:06:54","guid":{"rendered":"https:\/\/www.duamar.es\/?page_id=420"},"modified":"2025-08-06T10:16:52","modified_gmt":"2025-08-06T08:16:52","slug":"politica-de-cookies","status":"publish","type":"page","link":"https:\/\/duamar.es\/ca\/politica-de-cookies\/","title":{"rendered":"Pol\u00edtica de Cookies"},"content":{"rendered":"<div data-elementor-type=\"wp-page\" data-elementor-id=\"420\" class=\"elementor elementor-420\" data-elementor-post-type=\"page\">\n\t\t\t\t<div class=\"elementor-element elementor-element-148abda4 e-flex e-con-boxed e-con e-parent\" data-id=\"148abda4\" data-element_type=\"container\" data-e-type=\"container\" data-settings=\"{&quot;background_background&quot;:&quot;classic&quot;}\">\n\t\t\t\t\t<div class=\"e-con-inner\">\n\t\t<div class=\"elementor-element elementor-element-4cba0f8c e-con-full e-flex e-con e-child\" data-id=\"4cba0f8c\" data-element_type=\"container\" data-e-type=\"container\">\n\t\t\t\t<div class=\"elementor-element elementor-element-6dba8b5 elementor-icon-list--layout-inline elementor-align-start animated-fast elementor-list-item-link-full_width elementor-invisible elementor-widget elementor-widget-icon-list\" data-id=\"6dba8b5\" data-element_type=\"widget\" data-e-type=\"widget\" data-settings=\"{&quot;_animation&quot;:&quot;slideInUp&quot;,&quot;_animation_delay&quot;:100}\" data-widget_type=\"icon-list.default\">\n\t\t\t\t\t\t\t<ul class=\"elementor-icon-list-items elementor-inline-items\">\n\t\t\t\t\t\t\t<li class=\"elementor-icon-list-item elementor-inline-item\">\n\t\t\t\t\t\t\t\t\t\t\t<a href=\"https:\/\/duamar.es\/ca\">\n\n\t\t\t\t\t\t\t\t\t\t\t<span class=\"elementor-icon-list-text\">inici<\/span>\n\t\t\t\t\t\t\t\t\t\t\t<\/a>\n\t\t\t\t\t\t\t\t\t<\/li>\n\t\t\t\t\t\t\t\t<li class=\"elementor-icon-list-item elementor-inline-item\">\n\t\t\t\t\t\t\t\t\t\t<span class=\"elementor-icon-list-text\"><\/span>\n\t\t\t\t\t\t\t\t\t<\/li>\n\t\t\t\t\t\t<\/ul>\n\t\t\t\t\t\t<\/div>\n\t\t\t\t<div class=\"elementor-element elementor-element-75d6e99a elementor-widget__width-initial animated-fast elementor-invisible elementor-widget elementor-widget-heading\" data-id=\"75d6e99a\" data-element_type=\"widget\" data-e-type=\"widget\" data-settings=\"{&quot;_animation&quot;:&quot;slideInUp&quot;,&quot;_animation_delay&quot;:150}\" data-widget_type=\"heading.default\">\n\t\t\t\t\t<h3 class=\"elementor-heading-title elementor-size-default\">Informaci\u00f3 General De Las Cookies<\/h3>\t\t\t\t<\/div>\n\t\t\t\t<\/div>\n\t\t\t\t\t<\/div>\n\t\t\t\t<\/div>\n\t\t<div class=\"elementor-element elementor-element-696e3e82 e-flex e-con-boxed e-con e-parent\" data-id=\"696e3e82\" data-element_type=\"container\" data-e-type=\"container\" data-settings=\"{&quot;background_background&quot;:&quot;gradient&quot;}\">\n\t\t\t\t\t<div class=\"e-con-inner\">\n\t\t<div class=\"elementor-element elementor-element-f4d17f6 e-con-full e-flex e-con e-child\" data-id=\"f4d17f6\" data-element_type=\"container\" data-e-type=\"container\">\n\t\t<div class=\"elementor-element elementor-element-5798c4cb e-con-full e-flex e-con e-child\" data-id=\"5798c4cb\" data-element_type=\"container\" data-e-type=\"container\">\n\t\t\t\t<div class=\"elementor-element elementor-element-41a2308 elementor-widget__width-inherit elementor-widget elementor-widget-text-editor\" data-id=\"41a2308\" data-element_type=\"widget\" data-e-type=\"widget\" data-widget_type=\"text-editor.default\">\n\t\t\t\t\t\t\t\t\t<p>La confianza del usuario es importante para nosotros, y por consiguiente, en <strong>DUAMAR TRANSITOS Y ADUANAS S.A.U.<\/strong>\u00a0ens preocupa protegir la seva privadesa. Un aspecte important d'aix\u00f2 \u00e9s proporcionar tota la informaci\u00f3 possible sobre com utilitzem les teves dades de car\u00e0cter personal, fins i tot com utilitzem l'emmagatzematge local de dades i tecnologia similar<\/p><p>L'emmagatzematge local de dades implica emmagatzemar diferents tipus de dades localment al dispositiu a trav\u00e9s del vostre navegador web. Les dades emmagatzemades localment poden, per exemple, contenir la configuraci\u00f3 de l'usuari, informaci\u00f3 sobre com navega pel nostre lloc web, quin navegador web utilitza, quins anuncis s'han mostrat, i el comportament similar a llocs web amb qu\u00e8 col\u00b7laborem. Les dades emmagatzemades localment poden ser utilitzades per personalitzar el contingut i les funcions als nostres serveis de manera que les seves visites siguin m\u00e9s c\u00f2modes i tinguin m\u00e9s sentit.<\/p><p>Un m\u00e8tode demmagatzematge local de dades s\u00f3n les cookies. Les cookies s\u00f3n petits arxius de text que s'emmagatzemen al dispositiu (PC, tel\u00e8fon m\u00f2bil o tauleta) que ens permeten recon\u00e8ixer el vostre navegador web. Les cookies contenen informaci\u00f3 principalment sobre el vostre navegador web i sobre qualsevol activitat que s'hi ha produ\u00eft. Ens ajuden a garantir la seguretat i el funcionament \u00f2ptim del nostre lloc web, un cop surt de la nostra web aquestes s\u00f3n eliminades (cookies de seguretat i cookies de sessi\u00f3) i recullen informaci\u00f3 sobre els productes que els interessen a les nostres visites d'internet i sobre com naveguen a trav\u00e9s del nostre lloc web perqu\u00e8 les nostres ofertes en l\u00ednia siguin m\u00e9s atractives per als usuaris (cookies de seguiment).<\/p><p>Informaci\u00f3 complement\u00e0ria de les cookies<\/p><p>Utilitzem l'emmagatzematge local de dades per a una s\u00e8rie de fins, com ara: permetre'ns realitzar els nostres serveis; aportar-te contingut pertinent, personalitzat quan visites els nostres llocs web; mesurar i analitzar el tr\u00e0nsit al nostre lloc web; millorar els nostres serveis; i dirigir publicitat espec\u00edfica. A continuaci\u00f3, s'ofereixen m\u00e9s detalls sobre aquests temes:<\/p><ul><li>Per a la nostra publicitat<\/li><\/ul><p>Utilizamos el almacenamiento local de datos en relaci\u00f3n con las actividades publicitarias. Esto nos permite saber si y con frecuencia el usuario ha visto un anuncio o determinado tipo de anuncio, y cu\u00e1nto tiempo hace que lo vio.<\/p><p>Tamb\u00e9 fem servir l'emmagatzematge local de dades per construir segments i grups objectiu amb finalitats de m\u00e0rqueting i per dirigir anuncis espec\u00edfics.<\/p><ul><li>Per analitzar i millorar els nostres serveis<\/li><\/ul><p>Utilitzem diverses eines de mesura que ens proporcionen estad\u00edstiques i an\u00e0lisis relatives als nostres serveis. Aquestes eines ens permeten recon\u00e8ixer el navegador web al llarg del temps i esbrinar si lusuari ha visitat el lloc web anteriorment i si \u00e9s aix\u00ed amb quina freq\u00fc\u00e8ncia. Aquestes eines ens ofereixen la possibilitat daconseguir una visi\u00f3 general de quants usuaris \u00fanics tenim i com utilitzen els nostres serveis.<\/p><p>Aix\u00ed mateix, utilitzem la informaci\u00f3 que hem recollit i analitzat per desenvolupar i millorar els nostres serveis; per exemple, esbrinant quins serveis generen molt de tr\u00e0nsit o veient si un servei est\u00e0 funcionant de manera \u00f2ptima.<\/p><ul><li>Per lliurar i adaptar els serveis al seu \u00fas<\/li><\/ul><p>Es requereix i \u00e9s necessari l'emmagatzematge local de dades per tal de permetre't utilitzar els nostres serveis, com ara informaci\u00f3 sobre la seva configuraci\u00f3, que ens diu com s'han de presentar els serveis al vostre navegador web.<\/p><p>Tamb\u00e9 utilitzem l'emmagatzematge local de dades per adaptar els nostres serveis al seu \u00fas tan b\u00e9 com sigui possible.<\/p><p>Gesti\u00f3 de les cookies<\/p><p>Podeu desactivar les galetes o configurar el vostre navegador perqu\u00e8 us avisi quan t'envien una galeta.<\/p><p>La configuraci\u00f3 al vostre navegador web normalment mostra una llista de totes les galetes que han estat emmagatzemades per proporcionar-vos una visi\u00f3 general i, si ho desitgeu, per eliminar les galetes no desitjades. Normalment, podeu indicar que accepta l'emmagatzematge de cookies dels llocs web que visites o de tercers afiliats a aquests llocs web. Tamb\u00e9 podeu escollir ser notificat cada vegada que s'emmagatzema una nova galeta. Se us proporciona a continuaci\u00f3 orientaci\u00f3 sobre com fer aix\u00f2 en diferents navegadors web. El vostre navegador web emmagatzema normalment cookies en una carpeta espec\u00edfica al vostre disc dur, de manera que pugueu examinar tamb\u00e9 el contingut amb m\u00e9s detall.<\/p><p>No obstant aix\u00f2, les galetes que s\u00f3n presents al lloc web canvien amb freq\u00fc\u00e8ncia, i no totes les galetes s\u00f3n igual d'importants. Per tant, si\u00a0<strong>DUAMAR TRANSITOS Y ADUANAS S.A.U.<\/strong>\u00a0canvia l'\u00fas de les galetes de seguiment, se us notificar\u00e0 amb un missatge.<\/p><p>Aix\u00ed mateix, hi ha disponibles serveis que han estat desenvolupats especialment per proporcionar als usuaris una llista actualitzada de galetes i altres mecanismes de seguiment.<\/p><p>Tingueu en compte que si les desactiva, \u00e9s possible que no pugueu gaudir de totes les funcionalitats del nostre lloc web<\/p><p>A continuaci\u00f3n, se le presenta un resumen de c\u00f3mo los datos almacenados localmente pueden ser gestionados en diferentes navegadores web. Tenga en cuenta que este proceso puede cambiar y que las descripciones dadas aqu\u00ed pueden no estar actualizadas.<\/p><p>Gesti\u00f3 de galetes a Google Chrome<\/p><ul><li>Com eliminar cookies:<ol><li>Aneu a Configuraci\u00f3 al men\u00fa del vostre navegador.<\/li><li>Feu clic a Mostra la configuraci\u00f3 avan\u00e7ada.<\/li><li>Feu clic a Suprimeix les dades de navegaci\u00f3.<\/li><li>Selecciona el per\u00edode de temps per al qual vols eliminar la informaci\u00f3 al men\u00fa a la part superior. Si voleu eliminar totes les galetes al navegador, feu clic a Des de l'origen dels temps.<\/li><li>Marca galetes i altres dades de llocs i complements.<\/li><li>Feu clic a Suprimeix les dades de navegaci\u00f3.<\/li><li>Tanca la finestra.<\/li><\/ol><\/li><li>C\u00f3mo evitar que las cookies se almacenen en el navegador web:<ol><li>Ve a Configuraci\u00f3n en el men\u00fa de tu navegador.<\/li><li>Haz clic en Mostrar configuraci\u00f3n avanzada y despu\u00e9s haz clic en Configuraci\u00f3n de contenido.<\/li><li>En Cookies, selecciona tu opci\u00f3n preferida. Si desea evitar que todas las cookies se almacenen, haga clic en No permitir que se guarden datos de los sitios.<\/li><li>Haz clic en Hecho.<\/li><li>Tanca la finestra.<\/li><\/ol><\/li><\/ul><p>Gesti\u00f3n de cookies en Safari<\/p><ul><li>Com eliminar cookies:<ol><li>Ir a Preferencias en el men\u00fa de su navegador.<\/li><li>Haz clic en la pesta\u00f1a Privacidad.<\/li><li>Haz clic en Eliminar todos los datos de los sitios web y despu\u00e9s haz clic en Eliminar para eliminar todas las cookies.<\/li><li>Tanca la finestra.<\/li><\/ol><\/li><li>C\u00f3mo evitar que las cookies se almacenen en su navegador web:<ol><li>Ir a Preferencias en el men\u00fa de tu navegador<\/li><li>Haz clic en la pesta\u00f1a Privacidad.<\/li><li>En Cookies y datos de sitios web selecciona tu opci\u00f3n preferida. Si deseas evitar que todas las cookies se almacenen, haz clic en Bloquear siempre.<\/li><li>Tanca la finestra.<\/li><\/ol><\/li><\/ul><p>Gesti\u00f3n de cookies en Mozilla Firefox<\/p><ul><li>Com eliminar cookies:<ol><li>Ir a Opciones en el men\u00fa de su navegador.<\/li><li>Haz clic en la pesta\u00f1a Privacidad.<\/li><li>Haz clic en Mostrar cookies.<\/li><li>Selecciona las cookies que deseas eliminar y haz clic en Eliminar seleccionadas. Haz clic en Eliminar todas si deseas eliminar todas las cookies en tu navegador web.<\/li><li>Cierra la ventana. Cualquier cambio que hayas hecho se guardar\u00e1 autom\u00e1ticamente.<\/li><\/ol><\/li><li>C\u00f3mo evitar que las cookies se almacenen en tu navegador web:<ol><li>Ir a Configuraci\u00f3n en el men\u00fa de tu navegador.<\/li><li>Selecciona la pesta\u00f1a Privacidad.<\/li><li>En Historial, haz clic en Usar una configuraci\u00f3n personalizada para el historial.<\/li><li>Selecciona tus opciones preferidas en Permitir cookies de sitios web. Si deseas evitar que todas las cookies se almacenen, desactiva la casilla Aceptar cookies de sitios web.<\/li><li>Cierra la ventana. Cualquier cambio que hayas hecho se guardar\u00e1 autom\u00e1ticamente.<\/li><\/ol><\/li><\/ul><p>Gesti\u00f3n de cookies en Internet Explorer<\/p><ul><li>Com eliminar cookies:<ol><li>Ir a Herramientas (icono de rueda dentada) en el men\u00fa de tu navegador.<\/li><li>Haz clic en Propiedades de Internet.<\/li><li>En la pesta\u00f1a General \u2013 Historial de navegaci\u00f3n, haz clic en Eliminar.<\/li><li>Asegurate de marcar la opci\u00f3n Cookies y datos de sitios web.<\/li><li>Haz clic en Eliminar.<\/li><li>Haz clic en OK.<\/li><\/ol><\/li><li>C\u00f3mo evitar que las cookies se almacenen en su navegador web:<ol><li>Ir a Herramientas (icono de rueda dentada) en el men\u00fa de tu navegador.<\/li><li>Haz clic en Opciones de Internet y despu\u00e9s haz clic en la pesta\u00f1a Privacidad.<\/li><li>Mueve la barra deslizante al nivel deseado. Si deseas evitar que todas las cookies se almacenen, selecciona el nivel Bloquear todas las cookies.<\/li><li>Haz clic en OK.<\/li><\/ol><\/li><\/ul><p>Gesti\u00f3n de cookies en Opera<\/p><ul><li>Com eliminar cookies:<ol><li>Ir a Configuraci\u00f3n en el men\u00fa de tu navegador.<\/li><li>Selecciona la pesta\u00f1a de Privacidad y Seguridad.<\/li><li>Haz clic en Cookies y despu\u00e9s haz clic en Todas las cookies y datos de sitios web.<\/li><li>Selecciona las cookies que deseas eliminar y haz clic en Eliminar. Haz clic en Eliminar todas si deseas eliminar todas las cookies en tu navegador web.<\/li><li>Haz clic en Hecho.<\/li><li>Tanca la finestra.<\/li><\/ol><\/li><li>C\u00f3mo evitar que las cookies se almacenen en su navegador web:<ol><li>Ir a Configuraci\u00f3n en el men\u00fa de tu navegador.<\/li><li>Selecciona la pesta\u00f1a de Privacidad y Seguridad.<\/li><\/ol><\/li><\/ul><p>A Cookies, selecciona la teva opci\u00f3 preferida. Si voleu evitar que totes les galetes s'emmagatzemin, feu clic a No permet que es guardin dades dels llocs.<\/p><ol start=\"3\"><li>Tanca la finestra.<\/li><\/ol><p>Informaci\u00f3 de contacte<\/p><p>Per a m\u00e9s transpar\u00e8ncia, si teniu alguna pregunta relativa a l'\u00fas de l'emmagatzematge local del nostre lloc web, poseu-vos en contacte amb nosaltres a\u00a0<strong>ADMINISTRACION@DUAMAR.ES<\/strong>, indicando en el asunto \u201cPol\u00edtica de cookies\u201d\u00a0<\/p>\t\t\t\t\t\t\t\t<\/div>\n\t\t\t\t<\/div>\n\t\t\t\t<\/div>\n\t\t\t\t\t<\/div>\n\t\t\t\t<\/div>\n\t\t\t\t<\/div>","protected":false},"excerpt":{"rendered":"<p>inicio Informaci\u00f3n General De Las Cookies La confianza del usuario es importante para nosotros, y por consiguiente, en DUAMAR TRANSITOS Y ADUANAS S.A.U.\u00a0nos preocupa proteger su privacidad. Un aspecto importante de esto es proporcionarle toda la informaci\u00f3n posible sobre c\u00f3mo utilizamos tus datos de car\u00e1cter personal, incluso c\u00f3mo utilizamos el almacenamiento local de datos y [&hellip;]<\/p>","protected":false},"author":1,"featured_media":0,"parent":0,"menu_order":0,"comment_status":"closed","ping_status":"closed","template":"elementor_header_footer","meta":{"footnotes":""},"class_list":["post-420","page","type-page","status-publish","hentry"],"yoast_head":"<!-- This site is optimized with the Yoast SEO plugin v27.5 - https:\/\/yoast.com\/product\/yoast-seo-wordpress\/ -->\n<title>Duamar - Tr\u00e1nsitos y Aduanas<\/title>\n<meta name=\"robots\" content=\"index, follow, max-snippet:-1, max-image-preview:large, max-video-preview:-1\" \/>\n<link rel=\"canonical\" href=\"https:\/\/duamar.es\/ca\/politica-de-cookies\/\" \/>\n<meta property=\"og:locale\" content=\"ca_ES\" \/>\n<meta property=\"og:type\" content=\"article\" \/>\n<meta property=\"og:title\" content=\"Duamar - Tr\u00e1nsitos y Aduanas\" \/>\n<meta property=\"og:description\" content=\"inicio Informaci\u00f3n General De Las Cookies La confianza del usuario es importante para nosotros, y por consiguiente, en DUAMAR TRANSITOS Y ADUANAS S.A.U.\u00a0nos preocupa proteger su privacidad. Un aspecto importante de esto es proporcionarle toda la informaci\u00f3n posible sobre c\u00f3mo utilizamos tus datos de car\u00e1cter personal, incluso c\u00f3mo utilizamos el almacenamiento local de datos y [&hellip;]\" \/>\n<meta property=\"og:url\" content=\"https:\/\/duamar.es\/ca\/politica-de-cookies\/\" \/>\n<meta property=\"og:site_name\" content=\"Duamar - Tr\u00e1nsitos y Aduanas\" \/>\n<meta property=\"article:modified_time\" content=\"2025-08-06T08:16:52+00:00\" \/>\n<meta name=\"twitter:card\" content=\"summary_large_image\" \/>\n<meta name=\"twitter:label1\" content=\"Temps estimat de lectura\" \/>\n\t<meta name=\"twitter:data1\" content=\"8 minuts\" \/>\n<script type=\"application\/ld+json\" class=\"yoast-schema-graph\">{\"@context\":\"https:\\\/\\\/schema.org\",\"@graph\":[{\"@type\":\"WebPage\",\"@id\":\"https:\\\/\\\/duamar.es\\\/politica-de-cookies\\\/\",\"url\":\"https:\\\/\\\/duamar.es\\\/politica-de-cookies\\\/\",\"name\":\"Duamar - Tr\u00e1nsitos y Aduanas\",\"isPartOf\":{\"@id\":\"https:\\\/\\\/duamar.es\\\/#website\"},\"datePublished\":\"2025-08-06T08:06:54+00:00\",\"dateModified\":\"2025-08-06T08:16:52+00:00\",\"breadcrumb\":{\"@id\":\"https:\\\/\\\/duamar.es\\\/politica-de-cookies\\\/#breadcrumb\"},\"inLanguage\":\"ca\",\"potentialAction\":[{\"@type\":\"ReadAction\",\"target\":[\"https:\\\/\\\/duamar.es\\\/politica-de-cookies\\\/\"]}]},{\"@type\":\"BreadcrumbList\",\"@id\":\"https:\\\/\\\/duamar.es\\\/politica-de-cookies\\\/#breadcrumb\",\"itemListElement\":[{\"@type\":\"ListItem\",\"position\":1,\"name\":\"Home\",\"item\":\"https:\\\/\\\/duamar.es\\\/\"},{\"@type\":\"ListItem\",\"position\":2,\"name\":\"Pol\u00edtica de Cookies\"}]},{\"@type\":\"WebSite\",\"@id\":\"https:\\\/\\\/duamar.es\\\/#website\",\"url\":\"https:\\\/\\\/duamar.es\\\/\",\"name\":\"Duamar - Tr\u00e1nsitos y Aduanas\",\"description\":\"\",\"potentialAction\":[{\"@type\":\"SearchAction\",\"target\":{\"@type\":\"EntryPoint\",\"urlTemplate\":\"https:\\\/\\\/duamar.es\\\/?s={search_term_string}\"},\"query-input\":{\"@type\":\"PropertyValueSpecification\",\"valueRequired\":true,\"valueName\":\"search_term_string\"}}],\"inLanguage\":\"ca\"}]}<\/script>\n<!-- \/ Yoast SEO plugin. -->","yoast_head_json":{"title":"Duamar - Tr\u00e0nsits i duanes","robots":{"index":"index","follow":"follow","max-snippet":"max-snippet:-1","max-image-preview":"max-image-preview:large","max-video-preview":"max-video-preview:-1"},"canonical":"https:\/\/duamar.es\/ca\/politica-de-cookies\/","og_locale":"ca_ES","og_type":"article","og_title":"Duamar - Tr\u00e1nsitos y Aduanas","og_description":"inicio Informaci\u00f3n General De Las Cookies La confianza del usuario es importante para nosotros, y por consiguiente, en DUAMAR TRANSITOS Y ADUANAS S.A.U.\u00a0nos preocupa proteger su privacidad. Un aspecto importante de esto es proporcionarle toda la informaci\u00f3n posible sobre c\u00f3mo utilizamos tus datos de car\u00e1cter personal, incluso c\u00f3mo utilizamos el almacenamiento local de datos y [&hellip;]","og_url":"https:\/\/duamar.es\/ca\/politica-de-cookies\/","og_site_name":"Duamar - Tr\u00e1nsitos y Aduanas","article_modified_time":"2025-08-06T08:16:52+00:00","twitter_card":"summary_large_image","twitter_misc":{"Temps estimat de lectura":"8 minuts"},"schema":{"@context":"https:\/\/schema.org","@graph":[{"@type":"WebPage","@id":"https:\/\/duamar.es\/politica-de-cookies\/","url":"https:\/\/duamar.es\/politica-de-cookies\/","name":"Duamar - Tr\u00e0nsits i duanes","isPartOf":{"@id":"https:\/\/duamar.es\/#website"},"datePublished":"2025-08-06T08:06:54+00:00","dateModified":"2025-08-06T08:16:52+00:00","breadcrumb":{"@id":"https:\/\/duamar.es\/politica-de-cookies\/#breadcrumb"},"inLanguage":"ca","potentialAction":[{"@type":"ReadAction","target":["https:\/\/duamar.es\/politica-de-cookies\/"]}]},{"@type":"BreadcrumbList","@id":"https:\/\/duamar.es\/politica-de-cookies\/#breadcrumb","itemListElement":[{"@type":"ListItem","position":1,"name":"Home","item":"https:\/\/duamar.es\/"},{"@type":"ListItem","position":2,"name":"Pol\u00edtica de Cookies"}]},{"@type":"WebSite","@id":"https:\/\/duamar.es\/#website","url":"https:\/\/duamar.es\/","name":"Duamar - Tr\u00e0nsits i duanes","description":"","potentialAction":[{"@type":"SearchAction","target":{"@type":"EntryPoint","urlTemplate":"https:\/\/duamar.es\/?s={search_term_string}"},"query-input":{"@type":"PropertyValueSpecification","valueRequired":true,"valueName":"search_term_string"}}],"inLanguage":"ca"}]}},"_links":{"self":[{"href":"https:\/\/duamar.es\/ca\/wp-json\/wp\/v2\/pages\/420","targetHints":{"allow":["GET"]}}],"collection":[{"href":"https:\/\/duamar.es\/ca\/wp-json\/wp\/v2\/pages"}],"about":[{"href":"https:\/\/duamar.es\/ca\/wp-json\/wp\/v2\/types\/page"}],"author":[{"embeddable":true,"href":"https:\/\/duamar.es\/ca\/wp-json\/wp\/v2\/users\/1"}],"replies":[{"embeddable":true,"href":"https:\/\/duamar.es\/ca\/wp-json\/wp\/v2\/comments?post=420"}],"version-history":[{"count":4,"href":"https:\/\/duamar.es\/ca\/wp-json\/wp\/v2\/pages\/420\/revisions"}],"predecessor-version":[{"id":427,"href":"https:\/\/duamar.es\/ca\/wp-json\/wp\/v2\/pages\/420\/revisions\/427"}],"wp:attachment":[{"href":"https:\/\/duamar.es\/ca\/wp-json\/wp\/v2\/media?parent=420"}],"curies":[{"name":"wp","href":"https:\/\/api.w.org\/{rel}","templated":true}]}}