{"id":410,"date":"2025-08-06T08:05:58","date_gmt":"2025-08-06T06:05:58","guid":{"rendered":"https:\/\/www.duamar.es\/?page_id=410"},"modified":"2025-09-29T10:06:38","modified_gmt":"2025-09-29T08:06:38","slug":"politica-de-privacitat","status":"publish","type":"page","link":"https:\/\/duamar.es\/ca\/politica-de-privacitat\/","title":{"rendered":"Pol\u00edtica de privadesa"},"content":{"rendered":"<div data-elementor-type=\"wp-page\" data-elementor-id=\"410\" class=\"elementor elementor-410\" data-elementor-post-type=\"page\">\n\t\t\t\t<div class=\"elementor-element elementor-element-148abda4 e-flex e-con-boxed e-con e-parent\" data-id=\"148abda4\" data-element_type=\"container\" data-e-type=\"container\" data-settings=\"{&quot;background_background&quot;:&quot;classic&quot;}\">\n\t\t\t\t\t<div class=\"e-con-inner\">\n\t\t<div class=\"elementor-element elementor-element-4cba0f8c e-con-full e-flex e-con e-child\" data-id=\"4cba0f8c\" data-element_type=\"container\" data-e-type=\"container\">\n\t\t\t\t<div class=\"elementor-element elementor-element-6dba8b5 elementor-icon-list--layout-inline elementor-align-start animated-fast elementor-list-item-link-full_width elementor-invisible elementor-widget elementor-widget-icon-list\" data-id=\"6dba8b5\" data-element_type=\"widget\" data-e-type=\"widget\" data-settings=\"{&quot;_animation&quot;:&quot;slideInUp&quot;,&quot;_animation_delay&quot;:100}\" data-widget_type=\"icon-list.default\">\n\t\t\t\t\t\t\t<ul class=\"elementor-icon-list-items elementor-inline-items\">\n\t\t\t\t\t\t\t<li class=\"elementor-icon-list-item elementor-inline-item\">\n\t\t\t\t\t\t\t\t\t\t\t<a href=\"https:\/\/duamar.es\/ca\">\n\n\t\t\t\t\t\t\t\t\t\t\t<span class=\"elementor-icon-list-text\">inici<\/span>\n\t\t\t\t\t\t\t\t\t\t\t<\/a>\n\t\t\t\t\t\t\t\t\t<\/li>\n\t\t\t\t\t\t\t\t<li class=\"elementor-icon-list-item elementor-inline-item\">\n\t\t\t\t\t\t\t\t\t\t<span class=\"elementor-icon-list-text\"><\/span>\n\t\t\t\t\t\t\t\t\t<\/li>\n\t\t\t\t\t\t<\/ul>\n\t\t\t\t\t\t<\/div>\n\t\t\t\t<\/div>\n\t\t\t\t\t<\/div>\n\t\t\t\t<\/div>\n\t\t<div class=\"elementor-element elementor-element-696e3e82 e-flex e-con-boxed e-con e-parent\" data-id=\"696e3e82\" data-element_type=\"container\" data-e-type=\"container\" data-settings=\"{&quot;background_background&quot;:&quot;gradient&quot;}\">\n\t\t\t\t\t<div class=\"e-con-inner\">\n\t\t<div class=\"elementor-element elementor-element-f4d17f6 e-con-full e-flex e-con e-child\" data-id=\"f4d17f6\" data-element_type=\"container\" data-e-type=\"container\">\n\t\t<div class=\"elementor-element elementor-element-5798c4cb e-con-full e-flex e-con e-child\" data-id=\"5798c4cb\" data-element_type=\"container\" data-e-type=\"container\">\n\t\t<div class=\"elementor-element elementor-element-12638563 e-con-full e-flex e-con e-child\" data-id=\"12638563\" data-element_type=\"container\" data-e-type=\"container\">\n\t\t\t\t<div class=\"elementor-element elementor-element-7bfb0df elementor-widget__width-initial elementor-widget-divider--view-line elementor-widget elementor-widget-divider\" data-id=\"7bfb0df\" data-element_type=\"widget\" data-e-type=\"widget\" data-widget_type=\"divider.default\">\n\t\t\t\t\t\t\t<div class=\"elementor-divider\">\n\t\t\t<span class=\"elementor-divider-separator\">\n\t\t\t\t\t\t<\/span>\n\t\t<\/div>\n\t\t\t\t\t\t<\/div>\n\t\t\t\t<div class=\"elementor-element elementor-element-4ed02b1c elementor-widget elementor-widget-heading\" data-id=\"4ed02b1c\" data-element_type=\"widget\" data-e-type=\"widget\" data-widget_type=\"heading.default\">\n\t\t\t\t\t<h2 class=\"elementor-heading-title elementor-size-default\">1. DADES RELATIVES AL RESPONSABLE<\/h2>\t\t\t\t<\/div>\n\t\t\t\t<\/div>\n\t\t\t\t<div class=\"elementor-element elementor-element-41a2308 elementor-widget__width-inherit elementor-widget elementor-widget-text-editor\" data-id=\"41a2308\" data-element_type=\"widget\" data-e-type=\"widget\" data-widget_type=\"text-editor.default\">\n\t\t\t\t\t\t\t\t\t<div class=\"et_pb_column et_pb_column_2_5 et_pb_column_0\"><div class=\"et_pb_text et_pb_module et_pb_bg_layout_light et_pb_text_align_left et_pb_text_1\"><p class=\"translation-block\"><strong>Responsable Tractament<\/strong><br>Empresa: DUAMAR TRANSITOS I DUANES S.A.U. \u2013 A66592403<br>Direcci\u00f3: C\/Salvador Espriu 77, Local 9 \u2013 Barcelona<br>Contacte: administracion@duamar.es \u2013 932493114<\/p><p class=\"translation-block\"><strong>Delegat Protecci\u00f3 de Dades<\/strong><br>Nom: Montse Garc\u00eda<br>Contacte: administracion@duamar.es<\/p><\/div><\/div>\t\t\t\t\t\t\t\t<\/div>\n\t\t<div class=\"elementor-element elementor-element-19b3666f e-con-full e-flex e-con e-child\" data-id=\"19b3666f\" data-element_type=\"container\" data-e-type=\"container\">\n\t\t\t\t<div class=\"elementor-element elementor-element-725b37bc elementor-widget__width-initial elementor-widget-divider--view-line elementor-widget elementor-widget-divider\" data-id=\"725b37bc\" data-element_type=\"widget\" data-e-type=\"widget\" data-widget_type=\"divider.default\">\n\t\t\t\t\t\t\t<div class=\"elementor-divider\">\n\t\t\t<span class=\"elementor-divider-separator\">\n\t\t\t\t\t\t<\/span>\n\t\t<\/div>\n\t\t\t\t\t\t<\/div>\n\t\t\t\t<div class=\"elementor-element elementor-element-4aa4537d elementor-widget elementor-widget-heading\" data-id=\"4aa4537d\" data-element_type=\"widget\" data-e-type=\"widget\" data-widget_type=\"heading.default\">\n\t\t\t\t\t<h2 class=\"elementor-heading-title elementor-size-default\">2. FINALITATS<\/h2>\t\t\t\t<\/div>\n\t\t\t\t<div class=\"elementor-element elementor-element-750b6c86 elementor-widget elementor-widget-menu-anchor\" data-id=\"750b6c86\" data-element_type=\"widget\" data-e-type=\"widget\" data-widget_type=\"menu-anchor.default\">\n\t\t\t\t\t\t\t<div class=\"elementor-menu-anchor\" id=\"difference\"><\/div>\n\t\t\t\t\t\t<\/div>\n\t\t\t\t<\/div>\n\t\t\t\t<div class=\"elementor-element elementor-element-f83e8c8 elementor-widget__width-inherit elementor-widget elementor-widget-text-editor\" data-id=\"f83e8c8\" data-element_type=\"widget\" data-e-type=\"widget\" data-widget_type=\"text-editor.default\">\n\t\t\t\t\t\t\t\t\t<p>En compliment del que disposa el Reglament Europeu 2016\/679 General de Protecci\u00f3 de Dades, us informem que, depenent de la relaci\u00f3 que tingueu amb nosaltres, a\u00a0<strong>DUAMAR TRANSITOS Y ADUANAS S.A.U.<\/strong>\u00a0tractem les dades que ens facilita per a alguna, o totes, les finalitats seg\u00fcents:<\/p><ul><li>Compra\/venda de material<\/li><li>Control i vigil\u00e0ncia d'acc\u00e9s a llocs<\/li><li>Creaci\u00f3 de contractes, confecci\u00f3 de n\u00f2mines i altres tasques relacionades<\/li><li>Enviament d'informaci\u00f3 comercial de l'entitat mitjan\u00e7ant correu postal, correu electr\u00f2nic o d'altres<\/li><li>Gesti\u00f3 comptable, administrativa, de facturaci\u00f3, de cobraments i pagaments<\/li><li>Manteniment de la relaci\u00f3 laboral i contra-prestaci\u00f3 pels treballs realitzats<\/li><li>Donar-los un servei<\/li><li>Recepci\u00f3 de la prestaci\u00f3 d'un servei<\/li><li>Seguretat de lentitat.<\/li><li>Servei postvenda i fidelitzaci\u00f3<\/li><li>Tramitaci\u00f3 de pressupostos<\/li><\/ul>\t\t\t\t\t\t\t\t<\/div>\n\t\t<div class=\"elementor-element elementor-element-51fad20 e-con-full e-flex e-con e-child\" data-id=\"51fad20\" data-element_type=\"container\" data-e-type=\"container\">\n\t\t\t\t<div class=\"elementor-element elementor-element-2ce9df0 elementor-widget__width-initial elementor-widget-divider--view-line elementor-widget elementor-widget-divider\" data-id=\"2ce9df0\" data-element_type=\"widget\" data-e-type=\"widget\" data-widget_type=\"divider.default\">\n\t\t\t\t\t\t\t<div class=\"elementor-divider\">\n\t\t\t<span class=\"elementor-divider-separator\">\n\t\t\t\t\t\t<\/span>\n\t\t<\/div>\n\t\t\t\t\t\t<\/div>\n\t\t\t\t<div class=\"elementor-element elementor-element-ba56fd8 elementor-widget elementor-widget-heading\" data-id=\"ba56fd8\" data-element_type=\"widget\" data-e-type=\"widget\" data-widget_type=\"heading.default\">\n\t\t\t\t\t<h2 class=\"elementor-heading-title elementor-size-default\">3. TERMINI DE CONSERVACI\u00d3 DE DADES<\/h2>\t\t\t\t<\/div>\n\t\t\t\t<div class=\"elementor-element elementor-element-4d9c61b elementor-widget elementor-widget-menu-anchor\" data-id=\"4d9c61b\" data-element_type=\"widget\" data-e-type=\"widget\" data-widget_type=\"menu-anchor.default\">\n\t\t\t\t\t\t\t<div class=\"elementor-menu-anchor\" id=\"difference\"><\/div>\n\t\t\t\t\t\t<\/div>\n\t\t\t\t<\/div>\n\t\t\t\t<div class=\"elementor-element elementor-element-f87728c elementor-widget elementor-widget-text-editor\" data-id=\"f87728c\" data-element_type=\"widget\" data-e-type=\"widget\" data-widget_type=\"text-editor.default\">\n\t\t\t\t\t\t\t\t\t<p>Les vostres dades seran conservades mentre duri la relaci\u00f3 contractual, comercial o d'un altre tipus amb la nostra entitat, sol\u00b7liciteu la seva supressi\u00f3, aix\u00ed com el temps necessari per complir les obligacions legals.\u00a0<\/p>\t\t\t\t\t\t\t\t<\/div>\n\t\t<div class=\"elementor-element elementor-element-31c2139 e-con-full e-flex e-con e-child\" data-id=\"31c2139\" data-element_type=\"container\" data-e-type=\"container\">\n\t\t\t\t<div class=\"elementor-element elementor-element-b4a79e4 elementor-widget__width-initial elementor-widget-divider--view-line elementor-widget elementor-widget-divider\" data-id=\"b4a79e4\" data-element_type=\"widget\" data-e-type=\"widget\" data-widget_type=\"divider.default\">\n\t\t\t\t\t\t\t<div class=\"elementor-divider\">\n\t\t\t<span class=\"elementor-divider-separator\">\n\t\t\t\t\t\t<\/span>\n\t\t<\/div>\n\t\t\t\t\t\t<\/div>\n\t\t\t\t<div class=\"elementor-element elementor-element-963baa2 elementor-widget elementor-widget-heading\" data-id=\"963baa2\" data-element_type=\"widget\" data-e-type=\"widget\" data-widget_type=\"heading.default\">\n\t\t\t\t\t<h2 class=\"elementor-heading-title elementor-size-default\">4. LEGITIMACI\u00d3<\/h2>\t\t\t\t<\/div>\n\t\t\t\t<div class=\"elementor-element elementor-element-b958633 elementor-widget elementor-widget-menu-anchor\" data-id=\"b958633\" data-element_type=\"widget\" data-e-type=\"widget\" data-widget_type=\"menu-anchor.default\">\n\t\t\t\t\t\t\t<div class=\"elementor-menu-anchor\" id=\"difference\"><\/div>\n\t\t\t\t\t\t<\/div>\n\t\t\t\t<\/div>\n\t\t\t\t<div class=\"elementor-element elementor-element-afb6bdd elementor-widget__width-inherit elementor-widget elementor-widget-text-editor\" data-id=\"afb6bdd\" data-element_type=\"widget\" data-e-type=\"widget\" data-widget_type=\"text-editor.default\">\n\t\t\t\t\t\t\t\t\t<p>La base legal per al tractament de les teves dades rau per:<\/p><ul><li>Consentiment inequ\u00edvoc<\/li><li>Execuci\u00f3 d'un contracte<\/li><li>Inter\u00e8s leg\u00edtim per part del responsable del tractament<\/li><\/ul>\t\t\t\t\t\t\t\t<\/div>\n\t\t<div class=\"elementor-element elementor-element-f019b84 e-con-full e-flex e-con e-child\" data-id=\"f019b84\" data-element_type=\"container\" data-e-type=\"container\">\n\t\t\t\t<div class=\"elementor-element elementor-element-a202e55 elementor-widget__width-initial elementor-widget-divider--view-line elementor-widget elementor-widget-divider\" data-id=\"a202e55\" data-element_type=\"widget\" data-e-type=\"widget\" data-widget_type=\"divider.default\">\n\t\t\t\t\t\t\t<div class=\"elementor-divider\">\n\t\t\t<span class=\"elementor-divider-separator\">\n\t\t\t\t\t\t<\/span>\n\t\t<\/div>\n\t\t\t\t\t\t<\/div>\n\t\t\t\t<div class=\"elementor-element elementor-element-cc8e733 elementor-widget elementor-widget-heading\" data-id=\"cc8e733\" data-element_type=\"widget\" data-e-type=\"widget\" data-widget_type=\"heading.default\">\n\t\t\t\t\t<h2 class=\"elementor-heading-title elementor-size-default\">5. DESTINATARIS<\/h2>\t\t\t\t<\/div>\n\t\t\t\t<div class=\"elementor-element elementor-element-ce62194 elementor-widget elementor-widget-menu-anchor\" data-id=\"ce62194\" data-element_type=\"widget\" data-e-type=\"widget\" data-widget_type=\"menu-anchor.default\">\n\t\t\t\t\t\t\t<div class=\"elementor-menu-anchor\" id=\"difference\"><\/div>\n\t\t\t\t\t\t<\/div>\n\t\t\t\t<\/div>\n\t\t\t\t<div class=\"elementor-element elementor-element-9e6d449 elementor-widget__width-inherit elementor-widget elementor-widget-text-editor\" data-id=\"9e6d449\" data-element_type=\"widget\" data-e-type=\"widget\" data-widget_type=\"text-editor.default\">\n\t\t\t\t\t\t\t\t\t<p>Les vostres dades personals seran comunicades a tercers en els sup\u00f2sits seg\u00fcents:<\/p><ul><li>A altres responsables del tractament<\/li><li>Gestoria\/Assessoria<\/li><li>Servei de Prevenci\u00f3 de Riscos Laborals<\/li><\/ul>\t\t\t\t\t\t\t\t<\/div>\n\t\t<div class=\"elementor-element elementor-element-d87bced e-con-full e-flex e-con e-child\" data-id=\"d87bced\" data-element_type=\"container\" data-e-type=\"container\">\n\t\t\t\t<div class=\"elementor-element elementor-element-c6671cb elementor-widget__width-initial elementor-widget-divider--view-line elementor-widget elementor-widget-divider\" data-id=\"c6671cb\" data-element_type=\"widget\" data-e-type=\"widget\" data-widget_type=\"divider.default\">\n\t\t\t\t\t\t\t<div class=\"elementor-divider\">\n\t\t\t<span class=\"elementor-divider-separator\">\n\t\t\t\t\t\t<\/span>\n\t\t<\/div>\n\t\t\t\t\t\t<\/div>\n\t\t\t\t<div class=\"elementor-element elementor-element-8aeba12 elementor-widget elementor-widget-heading\" data-id=\"8aeba12\" data-element_type=\"widget\" data-e-type=\"widget\" data-widget_type=\"heading.default\">\n\t\t\t\t\t<h2 class=\"elementor-heading-title elementor-size-default\">6. DRETS<\/h2>\t\t\t\t<\/div>\n\t\t\t\t<div class=\"elementor-element elementor-element-59912c2 elementor-widget elementor-widget-menu-anchor\" data-id=\"59912c2\" data-element_type=\"widget\" data-e-type=\"widget\" data-widget_type=\"menu-anchor.default\">\n\t\t\t\t\t\t\t<div class=\"elementor-menu-anchor\" id=\"difference\"><\/div>\n\t\t\t\t\t\t<\/div>\n\t\t\t\t<\/div>\n\t\t\t\t<div class=\"elementor-element elementor-element-44977f6 elementor-widget__width-inherit elementor-widget elementor-widget-text-editor\" data-id=\"44977f6\" data-element_type=\"widget\" data-e-type=\"widget\" data-widget_type=\"text-editor.default\">\n\t\t\t\t\t\t\t\t\t<p>T\u00e9 dret a obtenir confirmaci\u00f3 sobre si a\u00a0<strong>DUAMAR TRANSITOS Y ADUANAS S.A.U.<\/strong>\u00a0estem tractant dades personals que us concerneixin, o no.<\/p><p class=\"translation-block\">Aix\u00ed mateix, t\u00e9 dret d'acc\u00e9s a les seves dades personals, aix\u00ed com a sol\u00b7licitar la rectificaci\u00f3 de les dades inexactes o, si escau, sol\u00b7licitar la supressi\u00f3 supressi\u00f3 quan, entre altres motius, les dades ja no siguin necess\u00e0ries per als fins que van ser recollides.<\/p><p class=\"translation-block\">En determinades circumst\u00e0ncies, podr\u00e0 sol\u00b7licitar la limitaci\u00f3 del tractament de les seves dades, i en aquest cas \u00fanicament les conservarem per a l'exercici o la defensa de reclamacions.<\/p><p>Addicionalment, en determinades circumst\u00e0ncies i per motius relacionats amb la teva situaci\u00f3 particular, podr\u00e0 exercir el dret de\u00a0<em>oposici\u00f3<\/em>\u00a0al tractament de les vostres dades.\u00a0<strong>DUAMAR TRANSITOS Y ADUANAS S.A.U.<\/strong>\u00a0deixar\u00e0 de tractar les dades, tret de motius leg\u00edtims imperiosos, o l'exercici o la defensa de possibles reclamacions.<\/p><p class=\"translation-block\">Aix\u00ed mateix, pot exercir el dret a la portabilitat de les dades, aix\u00ed com retirar els consentiments facilitats en qualsevol moment, sense que aix\u00f2 afecti la licitud del tractament basat en el consentiment previ a la seva retirada.<\/p><p>Si voleu fer \u00fas de qualsevol dels vostres drets podeu fer-los a trav\u00e9s dels enlla\u00e7os habilitats que trobareu a continuaci\u00f3:<\/p><ul><li>Per exercir el seu dret de\u00a0<strong>Acc\u00e9s\u00a0<\/strong>feu clic\u00a0<a href=\"https:\/\/intranet.milopd.com\/webApp\/clientes_derechos\/derechos-formulario.php?id_cliente=YjNQUmhibG04ZDVhckxiaTZWU1pNUT09\">aqu\u00ed<\/a><\/li><li>Per exercir el seu dret de\u00a0<strong>Rectificaci\u00f3\u00a0<\/strong>feu clic\u00a0<a href=\"https:\/\/intranet.milopd.com\/webApp\/clientes_derechos\/derechos-formulario.php?id_cliente=YjNQUmhibG04ZDVhckxiaTZWU1pNUT09\">aqu\u00ed<\/a><\/li><li>Per exercir el seu dret de\u00a0<strong>Supresi\u00f3n (Olvido)\u00a0<\/strong>feu clic\u00a0<a href=\"https:\/\/intranet.milopd.com\/webApp\/clientes_derechos\/derechos-formulario.php?id_cliente=YjNQUmhibG04ZDVhckxiaTZWU1pNUT09\">aqu\u00ed<\/a><\/li><li>Per exercir el seu dret de\u00a0<strong>Limitaci\u00f3 del Tractament\u00a0<\/strong>feu clic\u00a0<a href=\"https:\/\/intranet.milopd.com\/webApp\/clientes_derechos\/derechos-formulario.php?id_cliente=YjNQUmhibG04ZDVhckxiaTZWU1pNUT09\">aqu\u00ed<\/a><\/li><li>Per exercir el seu dret de\u00a0<strong>Oposici\u00f3\u00a0<\/strong>feu clic\u00a0<a href=\"https:\/\/intranet.milopd.com\/webApp\/clientes_derechos\/derechos-formulario.php?id_cliente=YjNQUmhibG04ZDVhckxiaTZWU1pNUT09\">aqu\u00ed<\/a><\/li><li>Per exercir el seu dret de\u00a0<strong>Portabilitat\u00a0<\/strong>feu clic\u00a0<a href=\"https:\/\/intranet.milopd.com\/webApp\/clientes_derechos\/derechos-formulario.php?id_cliente=YjNQUmhibG04ZDVhckxiaTZWU1pNUT09\">aqu\u00ed<\/a><\/li><\/ul><p>Alternativament, tamb\u00e9 us podeu adre\u00e7ar a nosaltres mitjan\u00e7ant correu postal a la seg\u00fcent adre\u00e7a:\u00a0<strong>C\/ MATA, 3 \u2013 (08004) BARCELONA<\/strong>\u00a0adjuntat una fotoc\u00f2pia del DNI, per a la certesa de la identitat. Recordeu facilitar la major informaci\u00f3 possible sobre la vostra sol\u00b7licitud: Nom i cognoms, adre\u00e7a de correu electr\u00f2nic que utilitza per al compte o portal objecte de la vostra sol\u00b7licitud.<\/p><p>Finalment, us informem que podeu adre\u00e7ar-vos davant l'Ag\u00e8ncia Espanyola de Protecci\u00f3 de Dades i altres organismes p\u00fablics competents per a qualsevol reclamaci\u00f3 derivada del tractament de les vostres dades personals.<\/p>\t\t\t\t\t\t\t\t<\/div>\n\t\t<div class=\"elementor-element elementor-element-aaca547 e-con-full e-flex e-con e-child\" data-id=\"aaca547\" data-element_type=\"container\" data-e-type=\"container\">\n\t\t\t\t<div class=\"elementor-element elementor-element-4c4b8d6 elementor-widget__width-initial elementor-widget-divider--view-line elementor-widget elementor-widget-divider\" data-id=\"4c4b8d6\" data-element_type=\"widget\" data-e-type=\"widget\" data-widget_type=\"divider.default\">\n\t\t\t\t\t\t\t<div class=\"elementor-divider\">\n\t\t\t<span class=\"elementor-divider-separator\">\n\t\t\t\t\t\t<\/span>\n\t\t<\/div>\n\t\t\t\t\t\t<\/div>\n\t\t\t\t<div class=\"elementor-element elementor-element-81fe56c elementor-widget elementor-widget-heading\" data-id=\"81fe56c\" data-element_type=\"widget\" data-e-type=\"widget\" data-widget_type=\"heading.default\">\n\t\t\t\t\t<h2 class=\"elementor-heading-title elementor-size-default\">7. POL\u00cdTICA DE COOKIES<\/h2>\t\t\t\t<\/div>\n\t\t\t\t<div class=\"elementor-element elementor-element-5287773 elementor-widget elementor-widget-menu-anchor\" data-id=\"5287773\" data-element_type=\"widget\" data-e-type=\"widget\" data-widget_type=\"menu-anchor.default\">\n\t\t\t\t\t\t\t<div class=\"elementor-menu-anchor\" id=\"difference\"><\/div>\n\t\t\t\t\t\t<\/div>\n\t\t\t\t<\/div>\n\t\t\t\t<div class=\"elementor-element elementor-element-b162f01 elementor-widget__width-inherit elementor-widget elementor-widget-text-editor\" data-id=\"b162f01\" data-element_type=\"widget\" data-e-type=\"widget\" data-widget_type=\"text-editor.default\">\n\t\t\t\t\t\t\t\t\t<p>Per con\u00e8ixer les cookies que utilitzem a la nostra p\u00e0gina, recordeu que podeu accedir a la nostra Pol\u00edtica de Cookies a trav\u00e9s del seg\u00fcent enlla\u00e7\u00a0<a href=\"https:\/\/intranet.milopd.com\/politicaCookies\/index.php?sid=YjNQUmhibG04ZDVhckxiaTZWU1pNUT09\" target=\"_blank\" rel=\"noopener\">pol\u00edtica de cookies<\/a>.<\/p>\t\t\t\t\t\t\t\t<\/div>\n\t\t\t\t<\/div>\n\t\t\t\t<\/div>\n\t\t\t\t\t<\/div>\n\t\t\t\t<\/div>\n\t\t\t\t<\/div>","protected":false},"excerpt":{"rendered":"<p>inicio 1. DATOS RELATIVOS AL RESPONSABLE Responsable TratamientoEmpresa: DUAMAR TRANSITOS Y ADUANAS S.A.U. \u2013 A66592403Direccion: C\/Salvador Espriu 77, Local 9 \u2013 BarcelonaContacto: administracion@duamar.es \u2013 932493114 Delegado Proteccion de DatosNombre: Montse Garc\u00edaContacto: administracion@duamar.es\u00a0 2. FINALIDADES En cumplimiento de lo dispuesto en el Reglamento Europeo 2016\/679 General de Protecci\u00f3n de Datos, le informamos de que, dependiendo de [&hellip;]<\/p>","protected":false},"author":1,"featured_media":0,"parent":0,"menu_order":0,"comment_status":"closed","ping_status":"closed","template":"elementor_header_footer","meta":{"footnotes":""},"class_list":["post-410","page","type-page","status-publish","hentry"],"yoast_head":"<!-- This site is optimized with the Yoast SEO plugin v27.5 - https:\/\/yoast.com\/product\/yoast-seo-wordpress\/ -->\n<title>Duamar - Tr\u00e1nsitos y Aduanas<\/title>\n<meta name=\"robots\" content=\"index, follow, max-snippet:-1, max-image-preview:large, max-video-preview:-1\" \/>\n<link rel=\"canonical\" href=\"https:\/\/duamar.es\/ca\/politica-de-privacitat\/\" \/>\n<meta property=\"og:locale\" content=\"ca_ES\" \/>\n<meta property=\"og:type\" content=\"article\" \/>\n<meta property=\"og:title\" content=\"Duamar - Tr\u00e1nsitos y Aduanas\" \/>\n<meta property=\"og:description\" content=\"inicio 1. DATOS RELATIVOS AL RESPONSABLE Responsable TratamientoEmpresa: DUAMAR TRANSITOS Y ADUANAS S.A.U. \u2013 A66592403Direccion: C\/Salvador Espriu 77, Local 9 \u2013 BarcelonaContacto: administracion@duamar.es \u2013 932493114 Delegado Proteccion de DatosNombre: Montse Garc\u00edaContacto: administracion@duamar.es\u00a0 2. FINALIDADES En cumplimiento de lo dispuesto en el Reglamento Europeo 2016\/679 General de Protecci\u00f3n de Datos, le informamos de que, dependiendo de [&hellip;]\" \/>\n<meta property=\"og:url\" content=\"https:\/\/duamar.es\/ca\/politica-de-privacitat\/\" \/>\n<meta property=\"og:site_name\" content=\"Duamar - Tr\u00e1nsitos y Aduanas\" \/>\n<meta property=\"article:modified_time\" content=\"2025-09-29T08:06:38+00:00\" \/>\n<meta name=\"twitter:card\" content=\"summary_large_image\" \/>\n<meta name=\"twitter:label1\" content=\"Temps estimat de lectura\" \/>\n\t<meta name=\"twitter:data1\" content=\"3 minuts\" \/>\n<script type=\"application\/ld+json\" class=\"yoast-schema-graph\">{\"@context\":\"https:\\\/\\\/schema.org\",\"@graph\":[{\"@type\":\"WebPage\",\"@id\":\"https:\\\/\\\/duamar.es\\\/politica-de-privacidad\\\/\",\"url\":\"https:\\\/\\\/duamar.es\\\/politica-de-privacidad\\\/\",\"name\":\"Duamar - Tr\u00e1nsitos y Aduanas\",\"isPartOf\":{\"@id\":\"https:\\\/\\\/duamar.es\\\/#website\"},\"datePublished\":\"2025-08-06T06:05:58+00:00\",\"dateModified\":\"2025-09-29T08:06:38+00:00\",\"breadcrumb\":{\"@id\":\"https:\\\/\\\/duamar.es\\\/politica-de-privacidad\\\/#breadcrumb\"},\"inLanguage\":\"ca\",\"potentialAction\":[{\"@type\":\"ReadAction\",\"target\":[\"https:\\\/\\\/duamar.es\\\/politica-de-privacidad\\\/\"]}]},{\"@type\":\"BreadcrumbList\",\"@id\":\"https:\\\/\\\/duamar.es\\\/politica-de-privacidad\\\/#breadcrumb\",\"itemListElement\":[{\"@type\":\"ListItem\",\"position\":1,\"name\":\"Home\",\"item\":\"https:\\\/\\\/duamar.es\\\/\"},{\"@type\":\"ListItem\",\"position\":2,\"name\":\"Pol\u00edtica de privacidad\"}]},{\"@type\":\"WebSite\",\"@id\":\"https:\\\/\\\/duamar.es\\\/#website\",\"url\":\"https:\\\/\\\/duamar.es\\\/\",\"name\":\"Duamar - Tr\u00e1nsitos y Aduanas\",\"description\":\"\",\"potentialAction\":[{\"@type\":\"SearchAction\",\"target\":{\"@type\":\"EntryPoint\",\"urlTemplate\":\"https:\\\/\\\/duamar.es\\\/?s={search_term_string}\"},\"query-input\":{\"@type\":\"PropertyValueSpecification\",\"valueRequired\":true,\"valueName\":\"search_term_string\"}}],\"inLanguage\":\"ca\"}]}<\/script>\n<!-- \/ Yoast SEO plugin. -->","yoast_head_json":{"title":"Duamar - Tr\u00e0nsits i duanes","robots":{"index":"index","follow":"follow","max-snippet":"max-snippet:-1","max-image-preview":"max-image-preview:large","max-video-preview":"max-video-preview:-1"},"canonical":"https:\/\/duamar.es\/ca\/politica-de-privacitat\/","og_locale":"ca_ES","og_type":"article","og_title":"Duamar - Tr\u00e1nsitos y Aduanas","og_description":"inicio 1. DATOS RELATIVOS AL RESPONSABLE Responsable TratamientoEmpresa: DUAMAR TRANSITOS Y ADUANAS S.A.U. \u2013 A66592403Direccion: C\/Salvador Espriu 77, Local 9 \u2013 BarcelonaContacto: administracion@duamar.es \u2013 932493114 Delegado Proteccion de DatosNombre: Montse Garc\u00edaContacto: administracion@duamar.es\u00a0 2. FINALIDADES En cumplimiento de lo dispuesto en el Reglamento Europeo 2016\/679 General de Protecci\u00f3n de Datos, le informamos de que, dependiendo de [&hellip;]","og_url":"https:\/\/duamar.es\/ca\/politica-de-privacitat\/","og_site_name":"Duamar - Tr\u00e1nsitos y Aduanas","article_modified_time":"2025-09-29T08:06:38+00:00","twitter_card":"summary_large_image","twitter_misc":{"Temps estimat de lectura":"3 minuts"},"schema":{"@context":"https:\/\/schema.org","@graph":[{"@type":"WebPage","@id":"https:\/\/duamar.es\/politica-de-privacidad\/","url":"https:\/\/duamar.es\/politica-de-privacidad\/","name":"Duamar - Tr\u00e0nsits i duanes","isPartOf":{"@id":"https:\/\/duamar.es\/#website"},"datePublished":"2025-08-06T06:05:58+00:00","dateModified":"2025-09-29T08:06:38+00:00","breadcrumb":{"@id":"https:\/\/duamar.es\/politica-de-privacidad\/#breadcrumb"},"inLanguage":"ca","potentialAction":[{"@type":"ReadAction","target":["https:\/\/duamar.es\/politica-de-privacidad\/"]}]},{"@type":"BreadcrumbList","@id":"https:\/\/duamar.es\/politica-de-privacidad\/#breadcrumb","itemListElement":[{"@type":"ListItem","position":1,"name":"Home","item":"https:\/\/duamar.es\/"},{"@type":"ListItem","position":2,"name":"Pol\u00edtica de privacidad"}]},{"@type":"WebSite","@id":"https:\/\/duamar.es\/#website","url":"https:\/\/duamar.es\/","name":"Duamar - Tr\u00e0nsits i duanes","description":"","potentialAction":[{"@type":"SearchAction","target":{"@type":"EntryPoint","urlTemplate":"https:\/\/duamar.es\/?s={search_term_string}"},"query-input":{"@type":"PropertyValueSpecification","valueRequired":true,"valueName":"search_term_string"}}],"inLanguage":"ca"}]}},"_links":{"self":[{"href":"https:\/\/duamar.es\/ca\/wp-json\/wp\/v2\/pages\/410","targetHints":{"allow":["GET"]}}],"collection":[{"href":"https:\/\/duamar.es\/ca\/wp-json\/wp\/v2\/pages"}],"about":[{"href":"https:\/\/duamar.es\/ca\/wp-json\/wp\/v2\/types\/page"}],"author":[{"embeddable":true,"href":"https:\/\/duamar.es\/ca\/wp-json\/wp\/v2\/users\/1"}],"replies":[{"embeddable":true,"href":"https:\/\/duamar.es\/ca\/wp-json\/wp\/v2\/comments?post=410"}],"version-history":[{"count":10,"href":"https:\/\/duamar.es\/ca\/wp-json\/wp\/v2\/pages\/410\/revisions"}],"predecessor-version":[{"id":804,"href":"https:\/\/duamar.es\/ca\/wp-json\/wp\/v2\/pages\/410\/revisions\/804"}],"wp:attachment":[{"href":"https:\/\/duamar.es\/ca\/wp-json\/wp\/v2\/media?parent=410"}],"curies":[{"name":"wp","href":"https:\/\/api.w.org\/{rel}","templated":true}]}}